{"id":855,"date":"2024-11-25T16:04:55","date_gmt":"2024-11-25T16:04:55","guid":{"rendered":"https:\/\/bespokelivingperigord.com\/onze-diensten\/verkoop-en-aankoop-van-onroerend-goed\/"},"modified":"2025-11-12T12:17:46","modified_gmt":"2025-11-12T12:17:46","slug":"verkoop-en-aankoop-van-onroerend-goed","status":"publish","type":"page","link":"https:\/\/bespokelivingperigord.com\/nl\/onze-diensten\/verkoop-en-aankoop-van-onroerend-goed\/","title":{"rendered":"Verkoop en aankoop van onroerend goed"},"content":{"rendered":"<div class=\"kb-row-layout-wrap kb-row-layout-id29_6acba0-41 alignnone wp-block-kadence-rowlayout\"><div class=\"kt-row-column-wrap kt-has-1-columns kt-row-layout-equal kt-tab-layout-inherit kt-mobile-layout-row kt-row-valign-top\">\n\n<div class=\"wp-block-kadence-column kadence-column29_88a4e2-c1\"><div class=\"kt-inside-inner-col\">\n<h2 class=\"kt-adv-heading29_7678f9-88 wp-block-kadence-advancedheading\" data-kb-block=\"kb-adv-heading29_7678f9-88\">Verkoop en aankoop van onroerend goed<\/h2>\n\n\n\n<p><strong>Heb je een huis in onze regio dat je te koop hebt staan of overweegt te verkopen? Of bent u misschien op zoek naar uw perfecte vakantiehuis in Frankrijk?   <\/strong><\/p>\n\n\n\n<p>Als onderdeel van onze diensten kunnen we helpen met het aanstellen van immobiliers (makelaars) om je huis te verkopen, je huis klaarmaken voor de verkoop, het afhandelen van de noodzakelijke processen en administratie voor het verkopen van onroerend goed, en helpen bij het vinden van geschikte huizen voor kopers.<\/p>\n\n\n\n<p>Als je woning te koop staat, kunnen we je ook bijstaan en contact onderhouden met de makelaars om te helpen met alle noodzakelijke werkzaamheden, bezoeken of documentatie om het proces tijdens je afwezigheid te versnellen en je gemoedsrust te geven dat er hier een contactpersoon is die je deskundig kan helpen met deze taken.<\/p>\n\n\n\n<p><strong>Bespoke Living biedt een scala aan diensten aan, waaronder, maar niet beperkt tot:<\/strong><\/p>\n<\/div><\/div>\n\n<\/div><\/div><div class=\"kb-row-layout-wrap kb-row-layout-id29_49056c-c6 alignnone has-custom-gray-background-color kt-row-has-bg wp-block-kadence-rowlayout\"><div class=\"kt-row-column-wrap kt-has-2-columns kt-row-layout-left-golden kt-tab-layout-inherit kt-mobile-layout-row kt-row-valign-top\">\n\n<div class=\"wp-block-kadence-column kadence-column29_71ccc9-52\"><div class=\"kt-inside-inner-col\"><\/div><\/div>\n\n\n\n<div class=\"wp-block-kadence-column kadence-column29_c0eb2c-33\"><div class=\"kt-inside-inner-col\">\n<h2 class=\"kt-adv-heading29_4623cb-13 wp-block-kadence-advancedheading\" data-kb-block=\"kb-adv-heading29_4623cb-13\">Sourcing en contacten met makelaars<\/h2>\n\n\n\n<p style=\"margin-top:0px;margin-bottom:12px\">Of je nu je huis wilt verkopen of wilt kopen, we hebben uitstekende professionele contacten met makelaars in onze regio en daarbuiten. We kunnen samenwerken met de makelaars om eigendommen te vinden, taxaties te regelen, bezichtigingen voor potenti\u00eble kopers te co\u00f6rdineren en algemeen advies te geven over het kopen en verkopen van eigendommen. <br\/><\/p>\n<\/div><\/div>\n\n<\/div><\/div><div class=\"kb-row-layout-wrap kb-row-layout-id29_457dcc-7f alignnone wp-block-kadence-rowlayout\"><div class=\"kt-row-column-wrap kt-has-2-columns kt-row-layout-left-golden kt-tab-layout-inherit kt-mobile-layout-row kt-row-valign-top\">\n\n<div class=\"wp-block-kadence-column kadence-column29_50725b-0c\"><div class=\"kt-inside-inner-col\">\n<h2 class=\"kt-adv-heading29_585e2a-40 wp-block-kadence-advancedheading\" data-kb-block=\"kb-adv-heading29_585e2a-40\">Lokaal contact voor aankoop van onroerend goed<\/h2>\n\n\n\n<p style=\"margin-top:0px;margin-bottom:12px\">Voor degenen die een huis willen kopen, kunnen we helpen bij of begeleiden bij bezichtigingen en inspecties, begeleiding bieden bij het koopproces en advies geven over de praktische stappen bij het betrekken van je nieuwe huis, zoals het installeren van nutsvoorzieningen, het begrijpen van belastingen en het voldoen aan lokale verplichtingen. We kunnen ook fungeren als een betrouwbaar aanspreekpunt tijdens het hele verkoopproces, wat vooral waardevol is voor degenen die niet bekend zijn met het Franse onroerend goed systeem of beperkte kennis hebben van de Franse taal. <br\/><br\/><\/p>\n<\/div><\/div>\n\n\n\n<div class=\"wp-block-kadence-column kadence-column29_79d144-da\"><div class=\"kt-inside-inner-col\"><\/div><\/div>\n\n<\/div><\/div><div class=\"kb-row-layout-wrap kb-row-layout-id29_abc24c-cf alignnone has-custom-gray-background-color kt-row-has-bg wp-block-kadence-rowlayout\"><div class=\"kt-row-column-wrap kt-has-2-columns kt-row-layout-left-golden kt-tab-layout-inherit kt-mobile-layout-row kt-row-valign-top\">\n\n<div class=\"wp-block-kadence-column kadence-column29_ff89c7-a9\"><div class=\"kt-inside-inner-col\"><\/div><\/div>\n\n\n\n<div class=\"wp-block-kadence-column kadence-column29_43a54e-89\"><div class=\"kt-inside-inner-col\">\n<h2 class=\"kt-adv-heading29_4535e8-92 wp-block-kadence-advancedheading\" data-kb-block=\"kb-adv-heading29_4535e8-92\">Vastgoed voorbereiden, schoonmaken en inrichten<\/h2>\n\n\n\n<p style=\"margin-top:0px;margin-bottom:12px\">Als je je huis wilt verkopen, kunnen we helpen met de voorbereidingen en aanbevelingen om je huis aantrekkelijker te maken voor potenti\u00eble kopers. Dit kan bestaan uit een grondige schoonmaak van de woning, het inrichten van het interieur en exterieur voor foto&#8217;s en bezichtigingen, kleine doe-het-zelfklussen of reparaties, of andere noodzakelijke voorbereidingen om een uitstekende eerste indruk te geven aan potenti\u00eble kopers. Als de woning leegstaat, kunnen we ook regelmatig een bezoekje brengen aan de woning om spinnenwebben en stof te verwijderen en we raden onze <a href=\"https:\/\/bespokelivingperigord.com\/nl\/onze-diensten\/sleutelhanger\/\" data-type=\"page\" data-id=\"25\">sleutelbewaarservice<\/a> voor leegstaande woningen ten zeerste aan.  <br\/><\/p>\n<\/div><\/div>\n\n<\/div><\/div><div class=\"kb-row-layout-wrap kb-row-layout-id29_01f138-c5 alignnone wp-block-kadence-rowlayout\"><div class=\"kt-row-column-wrap kt-has-2-columns kt-row-layout-left-golden kt-tab-layout-inherit kt-mobile-layout-row kt-row-valign-top\">\n\n<div class=\"wp-block-kadence-column kadence-column29_fe5204-27\"><div class=\"kt-inside-inner-col\">\n<h2 class=\"kt-adv-heading29_7c5589-b6 wp-block-kadence-advancedheading\" data-kb-block=\"kb-adv-heading29_7c5589-b6\">Verhuizingen en inventarisaties<\/h2>\n\n\n\n<p style=\"margin-top:0px;margin-bottom:12px\">Als je spullen moet inpakken en verhuizen, of de verkoop van spullen in je huis moet regelen, kunnen we je daar ook bij helpen. We kunnen samenwerken met verhuisbedrijven om te helpen bij het inpakken, uitpakken en organiseren van de logistiek, toezicht houden op het ophalen en afleveren van spullen en bezichtigingen regelen met veilinghuizen of ontruimingsbedrijven. We kunnen ook gedetailleerde inventarissen maken van bezittingen voor en na het transport voor je gemoedsrust of voor verzekeringsdoeleinden.  <br\/><\/p>\n<\/div><\/div>\n\n\n\n<div class=\"wp-block-kadence-column kadence-column29_72455f-ce\"><div class=\"kt-inside-inner-col\"><\/div><\/div>\n\n<\/div><\/div><div class=\"kb-row-layout-wrap kb-row-layout-id29_947643-8d alignnone has-custom-gray-background-color kt-row-has-bg wp-block-kadence-rowlayout\"><div class=\"kt-row-column-wrap kt-has-2-columns kt-row-layout-left-golden kt-tab-layout-inherit kt-mobile-layout-row kt-row-valign-top\">\n\n<div class=\"wp-block-kadence-column kadence-column29_a4b1e2-57\"><div class=\"kt-inside-inner-col\"><\/div><\/div>\n\n\n\n<div class=\"wp-block-kadence-column kadence-column29_cbcd95-8a\"><div class=\"kt-inside-inner-col\">\n<h2 class=\"kt-adv-heading29_2c0648-58 wp-block-kadence-advancedheading\" data-kb-block=\"kb-adv-heading29_2c0648-58\">Administratie en verplichtingen<\/h2>\n\n\n\n<p style=\"margin-top:0px;margin-bottom:12px\">Er zijn verschillende <a href=\"https:\/\/bespokelivingperigord.com\/nl\/onze-diensten\/beheer-en-onderhoud\/\" data-type=\"page\" data-id=\"27\">verplichtingen voor eigenaars van onroerend goed<\/a> op het gebied van informatie en administratie die moeten worden uitgevoerd om een eigendom klaar te maken voor de verkoop. Dit kunnen verplichte procedures zijn zoals DPE en diagnostische evaluaties, schoorsteenvegen, elektrische inspecties, fosse-inspecties of het verzamelen van informatie over een woning. Wij kunnen helpen bij het regelen van dergelijke afspraken of de nodige administratieve taken op ons nemen en afspraken bijwonen namens de eigenaar van het onroerend goed door de nodige informatie door te geven aan de notaris of immobilier.<br\/><\/p>\n<\/div><\/div>\n\n<\/div><\/div><div class=\"kb-row-layout-wrap kb-row-layout-id29_6ef913-85 alignnone wp-block-kadence-rowlayout\"><div class=\"kt-row-column-wrap kt-has-2-columns kt-row-layout-left-golden kt-tab-layout-inherit kt-mobile-layout-row kt-row-valign-top\">\n\n<div class=\"wp-block-kadence-column kadence-column29_094f43-ff\"><div class=\"kt-inside-inner-col\">\n<h2 class=\"kt-adv-heading29_6d13d2-c1 wp-block-kadence-advancedheading\" data-kb-block=\"kb-adv-heading29_6d13d2-c1\">Vertegenwoordiging van de klant<\/h2>\n\n\n\n<p style=\"margin-top:0px;margin-bottom:12px\">Als je een huis koopt of verkoopt en niet bij het huis of in de buurt kunt zijn wanneer dat nodig is, kunnen we namens onze klanten optreden. Dit kan zijn om sleutels van een woning op te halen of in bewaring te geven, om inspecties van de woning uit te voeren voorafgaand aan de ondertekening van de contracten, of om op te treden als gevolmachtigde van de cli\u00ebnten bij de ondertekening. We kunnen ook optreden als tussenpersoon voor je tijdens het samle- of aankoopproces om te helpen bij het uitleggen en vertalen van documenten indien nodig.  <br\/><\/p>\n<\/div><\/div>\n\n\n\n<div class=\"wp-block-kadence-column kadence-column29_c826e5-9c\"><div class=\"kt-inside-inner-col\"><\/div><\/div>\n\n<\/div><\/div><div class=\"kb-row-layout-wrap kb-row-layout-id29_4c72b5-0d alignnone wp-block-kadence-rowlayout\"><div class=\"kt-row-column-wrap kt-has-1-columns kt-row-layout-equal kt-tab-layout-inherit kt-mobile-layout-row kt-row-valign-top\">\n\n<div class=\"wp-block-kadence-column kadence-column29_acab19-05\"><div class=\"kt-inside-inner-col\">\n<h2 class=\"kt-adv-heading29_4e943b-2e wp-block-kadence-advancedheading\" data-kb-block=\"kb-adv-heading29_4e943b-2e\">Ge\u00efnteresseerd in onze diensten?<\/h2>\n\n\n\n<p><strong>De diensten die hier worden genoemd zijn niet uitputtend en we kunnen helpen met elk aspect van het praktische of administratieve beheer van je woning. Deze diensten zijn niet beperkt tot onze klanten met sleutelbeheer en we nemen graag ad-hoc- en eenmalige werkzaamheden aan.   <\/strong><\/p>\n\n\n\n<p>Houd er rekening mee dat we alleen werken voor priv\u00e9woningen en geen werkzaamheden uitvoeren met betrekking tot commerci\u00eble verhuur, zoals vakantieverblijven of g\u00eetes.  <\/p>\n\n\n\n<p>Als je meer informatie wilt over de diensten die we aanbieden, aarzel dan niet om contact met ons op te nemen voor meer informatie.<\/p>\n\n\n\n<div class=\"wp-block-kadence-advancedbtn kb-buttons-wrap kb-btns29_ede843-bf\"><a class=\"kb-button kt-button button kb-btn29_cec17f-a5 kt-btn-size-standard kt-btn-width-type-auto kb-btn-global-inherit kt-btn-has-text-true kt-btn-has-svg-false wp-block-button__link wp-block-kadence-singlebtn\" href=\"https:\/\/bespokelivingperigord.com\/nl\/neem-contact-op-met\/\"><span class=\"kt-btn-inner-text\">Neem contact met ons op<\/span><\/a><\/div>\n<\/div><\/div>\n\n<\/div><\/div>","protected":false},"excerpt":{"rendered":"<p>Verkoop en aankoop van onroerend goed Heb je een huis in onze regio dat je te koop hebt staan of overweegt te verkopen? Of bent u misschien op zoek naar uw perfecte vakantiehuis in Frankrijk? Als onderdeel van onze diensten kunnen we helpen met het aanstellen van immobiliers (makelaars) om je huis te verkopen, je [&hellip;]<\/p>\n","protected":false},"author":1,"featured_media":0,"parent":840,"menu_order":0,"comment_status":"closed","ping_status":"closed","template":"","meta":{"footnotes":""},"class_list":["post-855","page","type-page","status-publish","hentry"],"_links":{"self":[{"href":"https:\/\/bespokelivingperigord.com\/nl\/wp-json\/wp\/v2\/pages\/855","targetHints":{"allow":["GET"]}}],"collection":[{"href":"https:\/\/bespokelivingperigord.com\/nl\/wp-json\/wp\/v2\/pages"}],"about":[{"href":"https:\/\/bespokelivingperigord.com\/nl\/wp-json\/wp\/v2\/types\/page"}],"author":[{"embeddable":true,"href":"https:\/\/bespokelivingperigord.com\/nl\/wp-json\/wp\/v2\/users\/1"}],"replies":[{"embeddable":true,"href":"https:\/\/bespokelivingperigord.com\/nl\/wp-json\/wp\/v2\/comments?post=855"}],"version-history":[{"count":4,"href":"https:\/\/bespokelivingperigord.com\/nl\/wp-json\/wp\/v2\/pages\/855\/revisions"}],"predecessor-version":[{"id":1077,"href":"https:\/\/bespokelivingperigord.com\/nl\/wp-json\/wp\/v2\/pages\/855\/revisions\/1077"}],"up":[{"embeddable":true,"href":"https:\/\/bespokelivingperigord.com\/nl\/wp-json\/wp\/v2\/pages\/840"}],"wp:attachment":[{"href":"https:\/\/bespokelivingperigord.com\/nl\/wp-json\/wp\/v2\/media?parent=855"}],"curies":[{"name":"wp","href":"https:\/\/api.w.org\/{rel}","templated":true}]}}