{"id":847,"date":"2024-11-25T16:03:30","date_gmt":"2024-11-25T16:03:30","guid":{"rendered":"https:\/\/bespokelivingperigord.com\/onze-diensten\/sleutelhanger\/"},"modified":"2025-02-03T09:31:36","modified_gmt":"2025-02-03T09:31:36","slug":"sleutelhanger","status":"publish","type":"page","link":"https:\/\/bespokelivingperigord.com\/nl\/onze-diensten\/sleutelhanger\/","title":{"rendered":"Sleutelhanger"},"content":{"rendered":"<div class=\"kb-row-layout-wrap kb-row-layout-id25_112a4a-4c alignnone wp-block-kadence-rowlayout\"><div class=\"kt-row-column-wrap kt-has-1-columns kt-row-layout-equal kt-tab-layout-inherit kt-mobile-layout-row kt-row-valign-top\">\n\n<div class=\"wp-block-kadence-column kadence-column25_c1916c-26\"><div class=\"kt-inside-inner-col\">\n<h2 class=\"kt-adv-heading25_50db7b-f5 wp-block-kadence-advancedheading\" data-kb-block=\"kb-adv-heading25_50db7b-f5\">Professioneel sleutelbeheer en conci\u00ebrges<\/h2>\n\n\n\n<p><strong>Als eigenaar van een woning in Frankrijk kan het voorkomen dat je woning leeg komt te staan. Of je nu een vakantiehuis in Frankrijk hebt, een huis dat je aan het renoveren bent of een huis dat je op lange termijn verhuurt, wij passen onze sleutelbeheer- en conci\u00ebrgediensten precies aan jouw behoeften aan.   <\/strong><\/p>\n\n\n\n<p>Wij zijn een professioneel familiebedrijf dat een reeks diensten aanbiedt om uw woning te beheren en te onderhouden tijdens uw afwezigheid. We zijn een <strong>gevestigd en ervaren bedrijf<\/strong> dat<strong> specifiek geregistreerd en verzekerd is<\/strong> om de zorg en beveiliging van je huis uit te voeren. Het belangrijkste voordeel hiervan is gemoedsrust voor eigenaars wanneer ze mijlenver weg zijn van hun woning: de wetenschap dat er iemand is die de woning kent en regelmatig kan controleren of alles veilig is en voldoet aan de verwachtingen, en ook iemand die kan omgaan met eventuele problemen die kunnen opduiken tijdens dergelijke controles. We zijn trots op onze effici\u00ebnte, betaalbare en grondige service en zorgen voor de eigendommen van onze klanten alsof het onze eigen eigendommen zijn. We voeren alle vastgoedcontroles en het beheer zelf uit en besteden onze diensten niet uit aan andere leveranciers.    <\/p>\n\n\n\n<p>Of je nu eigenaar bent van een klein appartement in de stad of van een groot Maison de Ma\u00eetre op een landgoed, eigendommen die leeg staan en niet gecontroleerd worden, kunnen vatbaarder zijn voor problemen. Hoewel veel huiseigenaren vertrouwen op buren, vrienden of dienstverleners zoals hun tuinman of schoonmaker om &#8216;een oogje in het zeil te houden&#8217; op hun woning, omvat dit vaak geen uitgebreide of regelmatige controles, en deze laatsten zijn mogelijk niet voldoende geregistreerd of verzekerd om deze dienst aan te bieden. Veel huiseigenaren realiseren zich niet dat leegstaande eigendommen regelmatig moeten worden gecontroleerd om te voldoen aan hun opstalverzekering, en veel verzekeraars accepteren alleen het bewijs van controles van een professioneel, geregistreerd bedrijf in het geval van een claim. Lees <a href=\"https:\/\/bespokelivingperigord.com\/why-choose-us\/\" data-type=\"page\" data-id=\"19\">hier<\/a> meer over de voordelen van het gebruik van een toegewijde en professionele sleutelhouder.   <\/p>\n\n\n\n<p><strong>Op dit moment hebben we beperkte beschikbaarheid voor onze sleutelbewaarservice, die naar wens het volgende kan omvatten, aangepast aan je individuele behoeften:<\/strong><\/p>\n<\/div><\/div>\n\n<\/div><\/div><div class=\"kb-row-layout-wrap kb-row-layout-id25_348f5d-14 alignnone wp-block-kadence-rowlayout\"><div class=\"kt-row-column-wrap kt-has-2-columns kt-row-layout-left-golden kt-tab-layout-inherit kt-mobile-layout-row kt-row-valign-top\">\n\n<div class=\"wp-block-kadence-column kadence-column25_fbd5eb-5c\"><div class=\"kt-inside-inner-col\">\n<h2 class=\"kt-adv-heading25_e56e67-7c wp-block-kadence-advancedheading\" data-kb-block=\"kb-adv-heading25_e56e67-7c\">Regelmatige bezoeken aan eigendommen<\/h2>\n\n\n\n<p style=\"margin-top:0px;margin-bottom:12px\">Of je woning nu een vakantiehuis is of leeg staat wegens renovatie of verkoop, onze sleutelcontracten bieden klanten de gemoedsrust van een wekelijks, tweewekelijks of maandelijks bezoek aan de woning, met een volledige controle van het interieur en de buitenkant van de woning. Zo kunnen we garanderen dat de woning veilig is en in goede staat verkeert, zonder ongedierte, weersschade of andere schade of incidenten. We bieden regelmatig geplande vastgoedbezoeken op contractbasis van 3, 6 of 12 maanden en onderhouden een uitstekende communicatie met onze klanten.  <\/p>\n<\/div><\/div>\n\n\n\n<div class=\"wp-block-kadence-column kadence-column25_13992d-b8\"><div class=\"kt-inside-inner-col\"><\/div><\/div>\n\n<\/div><\/div><div class=\"kb-row-layout-wrap kb-row-layout-id25_eba6a0-06 alignnone has-custom-gray-background-color kt-row-has-bg wp-block-kadence-rowlayout\"><div class=\"kt-row-column-wrap kt-has-2-columns kt-row-layout-left-golden kt-tab-layout-inherit kt-mobile-layout-row kt-row-valign-top\">\n\n<div class=\"wp-block-kadence-column kadence-column25_717648-22\"><div class=\"kt-inside-inner-col\"><\/div><\/div>\n\n\n\n<div class=\"wp-block-kadence-column kadence-column25_29ece0-f0\"><div class=\"kt-inside-inner-col\">\n<h2 class=\"kt-adv-heading25_eade7e-33 wp-block-kadence-advancedheading\" data-kb-block=\"kb-adv-heading25_eade7e-33\">Meterstanden<\/h2>\n\n\n\n<p style=\"margin-top:0px;margin-bottom:12px\">Tijdens onze bezoeken aan panden, inclusief ons contract, kunnen we de meterstanden voor je opnemen. Soms bevinden de gas-, elektriciteits- of watermeters zich op locaties die niet toegankelijk zijn voor het publiek, zoals in een woning, en moet de meterstand worden opgenomen door iemand die wel toegang heeft, of moet er een afspraak worden gemaakt met de leverancier om de meterstand zelf op te nemen. <a href=\"https:\/\/bespokelivingperigord.com\/our-services\/property-management-maintenance\/\" data-type=\"page\" data-id=\"27\">We kunnen ook helpen met het regelen en bijwonen van meterupgrades en uitwisselingen &#8211; zoals LINKY-meters &#8211; of de installatie van nutsvoorzieningen zoals glasvezel<\/a>. <br\/><\/p>\n<\/div><\/div>\n\n<\/div><\/div><div class=\"kb-row-layout-wrap kb-row-layout-id25_1b7f74-34 alignnone wp-block-kadence-rowlayout\"><div class=\"kt-row-column-wrap kt-has-2-columns kt-row-layout-left-golden kt-tab-layout-inherit kt-mobile-layout-row kt-row-valign-top\">\n\n<div class=\"wp-block-kadence-column kadence-column25_5b6610-f1\"><div class=\"kt-inside-inner-col\">\n<h2 class=\"kt-adv-heading25_d79047-ab wp-block-kadence-advancedheading\" data-kb-block=\"kb-adv-heading25_d79047-ab\">Post ophalen en doorsturen<\/h2>\n\n\n\n<p style=\"margin-top:0px;margin-bottom:12px\">Tijdens onze bezoeken aan eigendommen, die deel uitmaken van ons contract, kunnen we de post ophalen en doorsturen, maar ook advies geven over eventuele vereiste acties (zoals verschuldigde bedragen of de vertaling van informatie daarin). Als houders van de casier judiciaire (Frans equivalent van een CRB-check) en een 10 jaar ACRO UK Police check, kunt u er zeker van zijn dat uw vertrouwelijke informatie als zodanig blijft. We bieden ook administratieve diensten voor mensen die hulp nodig hebben bij het beheren van hun rekeningen, communicatie met offici\u00eble instanties of het vertalen of maken van documenten.  <br\/><\/p>\n<\/div><\/div>\n\n\n\n<div class=\"wp-block-kadence-column kadence-column25_a5483e-9c\"><div class=\"kt-inside-inner-col\"><\/div><\/div>\n\n<\/div><\/div><div class=\"kb-row-layout-wrap kb-row-layout-id25_bf4dab-46 alignnone has-custom-gray-background-color kt-row-has-bg wp-block-kadence-rowlayout\"><div class=\"kt-row-column-wrap kt-has-2-columns kt-row-layout-left-golden kt-tab-layout-inherit kt-mobile-layout-row kt-row-valign-top\">\n\n<div class=\"wp-block-kadence-column kadence-column25_6a07b5-5f\"><div class=\"kt-inside-inner-col\"><\/div><\/div>\n\n\n\n<div class=\"wp-block-kadence-column kadence-column25_322da3-c0\"><div class=\"kt-inside-inner-col\">\n<h2 class=\"kt-adv-heading25_744c41-4e wp-block-kadence-advancedheading\" data-kb-block=\"kb-adv-heading25_744c41-4e\">Eigendomsbewaking op afstand<\/h2>\n\n\n\n<p style=\"margin-top:0px;margin-bottom:12px\">Voor panden met CCTV, bewegingsdetectie- of branddetectiesystemen of afstandsbedieningen voor verwarming kunnen we helpen bij het beheer en de bewaking hiervan en kunnen we fungeren als contactpersoon voor noodgevallen in het pand als er problemen optreden. Tijdens onze bezoeken aan het pand kunnen we ook controleren of systemen correct werken, zoals operationele internetverbindingen of correcte plaatsing en onderhoud van apparatuur. <br\/><\/p>\n<\/div><\/div>\n\n<\/div><\/div><div class=\"kb-row-layout-wrap kb-row-layout-id25_a0e525-0f alignnone wp-block-kadence-rowlayout\"><div class=\"kt-row-column-wrap kt-has-2-columns kt-row-layout-left-golden kt-tab-layout-inherit kt-mobile-layout-row kt-row-valign-top\">\n\n<div class=\"wp-block-kadence-column kadence-column25_46d897-37\"><div class=\"kt-inside-inner-col\">\n<h2 class=\"kt-adv-heading25_441061-72 wp-block-kadence-advancedheading\" data-kb-block=\"kb-adv-heading25_441061-72\">Lokaal contactpunt<\/h2>\n\n\n\n<p style=\"margin-top:0px;margin-bottom:12px\">Naast het beheren van de sleutels van de woning, kunnen we ook het lokale aanspreekpunt zijn voor onze klanten. Dit houdt ook in dat we hen op de hoogte houden van relevante informatie voor hun gemeente, dat we een aanspreekpunt zijn voor nutsbedrijven, handelaars of dienstverleners, of dat we in noodgevallen contact opnemen als er problemen zijn met de woning. Omdat we zowel Engels als Frans spreken, kunnen we snel en professioneel reageren op alle soorten situaties. We beantwoorden oproepen, berichten en e-mails altijd binnen een kort tijdsbestek, zo niet onmiddellijk!  <br\/><\/p>\n<\/div><\/div>\n\n\n\n<div class=\"wp-block-kadence-column kadence-column25_dae3dc-9a\"><div class=\"kt-inside-inner-col\"><\/div><\/div>\n\n<\/div><\/div><div class=\"kb-row-layout-wrap kb-row-layout-id25_46bc5a-a0 alignnone has-custom-gray-background-color kt-row-has-bg wp-block-kadence-rowlayout\"><div class=\"kt-row-column-wrap kt-has-2-columns kt-row-layout-left-golden kt-tab-layout-inherit kt-mobile-layout-row kt-row-valign-top\">\n\n<div class=\"wp-block-kadence-column kadence-column25_865aee-fa\"><div class=\"kt-inside-inner-col\"><\/div><\/div>\n\n\n\n<div class=\"wp-block-kadence-column kadence-column25_b4d917-11\"><div class=\"kt-inside-inner-col\">\n<h2 class=\"kt-adv-heading25_75b724-d0 wp-block-kadence-advancedheading\" data-kb-block=\"kb-adv-heading25_75b724-d0\">Huurcontroles<\/h2>\n\n\n\n<p style=\"margin-top:0px;margin-bottom:12px\">Als je je woning op lange termijn verhuurt, kunnen we helpen met controles van de woning volgens de voorwaarden van de huurovereenkomst. Dit omvat steekproefsgewijze controles of vooraf afgesproken controles van eigendommen, inventarisaties en inspectierapporten van eigendommen, en controles aan het einde van de huurperiode, evenals het zijn van een aanspreekpunt voor huurders als er problemen zijn met de woning. Houd er rekening mee dat dit alleen betrekking heeft op lange termijn verhuur en dat we geen diensten aanbieden voor commerci\u00eble vakantieverhuur zoals g\u00eetes.  <br\/><\/p>\n<\/div><\/div>\n\n<\/div><\/div><div class=\"kb-row-layout-wrap kb-row-layout-id25_d0e3c1-42 alignnone wp-block-kadence-rowlayout\"><div class=\"kt-row-column-wrap kt-has-2-columns kt-row-layout-left-golden kt-tab-layout-inherit kt-mobile-layout-row kt-row-valign-top\">\n\n<div class=\"wp-block-kadence-column kadence-column25_b75afe-fe\"><div class=\"kt-inside-inner-col\">\n<h2 class=\"kt-adv-heading25_64b53d-c0 wp-block-kadence-advancedheading\" data-kb-block=\"kb-adv-heading25_64b53d-c0\">Conci\u00ebrgerie en advies<\/h2>\n\n\n\n<p style=\"margin-top:0px;margin-bottom:12px\">We streven ernaar onze Keyholding-klanten te helpen met alle aspecten van hun woning, of hen waar nodig bij te staan tijdens hun verblijf in Frankrijk. Als je hulp nodig hebt, helpen we je graag. Dit kan zijn het vinden van lokale informatie, het helpen zoeken naar producten en materialen, winkelen, het boeken van restaurants of je in de juiste richting wijzen voor informatie. We hebben een uitzonderlijk hoog communicatieniveau en zijn 7\/7 beschikbaar. Als je wat extra hulp nodig hebt, bieden we <a href=\"https:\/\/bespokelivingperigord.com\/our-services\/property-management-maintenance\/\" data-type=\"page\" data-id=\"27\">administratieve diensten<\/a> om je te helpen met alle aspecten van het beheer van je eigendom en leven in Frankrijk.    <br\/><\/p>\n<\/div><\/div>\n\n\n\n<div class=\"wp-block-kadence-column kadence-column25_c52480-ac\"><div class=\"kt-inside-inner-col\"><\/div><\/div>\n\n<\/div><\/div><div class=\"kb-row-layout-wrap kb-row-layout-id25_36eb7c-d6 alignnone has-custom-gray-background-color kt-row-has-bg wp-block-kadence-rowlayout\"><div class=\"kt-row-column-wrap kt-has-2-columns kt-row-layout-left-golden kt-tab-layout-inherit kt-mobile-layout-row kt-row-valign-top\">\n\n<div class=\"wp-block-kadence-column kadence-column25_5bd388-5d\"><div class=\"kt-inside-inner-col\"><\/div><\/div>\n\n\n\n<div class=\"wp-block-kadence-column kadence-column25_beb072-02\"><div class=\"kt-inside-inner-col\">\n<h2 class=\"kt-adv-heading25_ffade3-3a wp-block-kadence-advancedheading\" data-kb-block=\"kb-adv-heading25_ffade3-3a\">Onroerend goed leeg en te koop<\/h2>\n\n\n\n<p style=\"margin-top:0px;margin-bottom:12px\">Ook als je pand leegstaat of gerenoveerd wordt, of te koop staat, raden we je aan een sleutelcontract af te sluiten om ervoor te zorgen dat je aan de verzekeringsvoorwaarden voldoet. Zeker als je materialen en gereedschappen op het terrein hebt en het pand zichtbaar te koop staat of er werkzaamheden worden uitgevoerd. Als je woning te koop staat, bieden we ook een <a href=\"https:\/\/bespokelivingperigord.com\/our-services\/property-sales-purchases\/\" data-type=\"page\" data-id=\"29\">reeks diensten aan om je te ondersteunen bij de verkoop van je woning<\/a>, als je lokale aanspreekpunt en om het proces soepel te laten verlopen.  <br\/><\/p>\n<\/div><\/div>\n\n<\/div><\/div><div class=\"kb-row-layout-wrap kb-row-layout-id25_d3aecf-c2 alignnone wp-block-kadence-rowlayout\"><div class=\"kt-row-column-wrap kt-has-2-columns kt-row-layout-left-golden kt-tab-layout-inherit kt-mobile-layout-row kt-row-valign-top\">\n\n<div class=\"wp-block-kadence-column kadence-column25_e88dfe-7b\"><div class=\"kt-inside-inner-col\">\n<h2 class=\"kt-adv-heading25_6b37d7-bd wp-block-kadence-advancedheading\" data-kb-block=\"kb-adv-heading25_6b37d7-bd\">Gites en vakantiehuizen<\/h2>\n\n\n\n<p style=\"margin-top:0px;margin-bottom:12px\">Als je een woning hebt die je verhuurt voor vakanties, zoals een gite, dan raden we je sterk aan om een sleutelhouder in te schakelen voor het beheer van je woning op momenten dat deze leeg staat, zoals tijdens de wintermaanden. Hoewel we geen van de reguliere diensten aanbieden, zoals zwembadonderhoud, tuinonderhoud of wissels om de verhuur te vergemakkelijken, kunnen we ervoor zorgen dat het pand <a href=\"https:\/\/www.bespokelivingperigord.com\/property-management-maintenance\/\">goed <\/a><a href=\"https:\/\/bespokelivingperigord.com\/our-services\/property-management-maintenance\/\" data-type=\"page\" data-id=\"27\">verzorgd<\/a> blijft<a href=\"https:\/\/www.bespokelivingperigord.com\/property-management-maintenance\/\"> en aan de regels voldoet<\/a>, dat het gecontroleerd wordt tijdens perioden van leegstand en dat we indien nodig toezicht houden op de andere dienstverleners. Omdat we zelf ervaren eigenaren zijn van geclassificeerde vakantieaccommodaties, kunnen we ook helpen met de administratieve aspecten van je verhuurbedrijf en woning, waaronder het verkrijgen van de benodigde vergunningen, het aanvragen van accreditaties voor je woning of het opstellen van gastendocumentatie.  <br\/><\/p>\n<\/div><\/div>\n\n\n\n<div class=\"wp-block-kadence-column kadence-column25_30277e-2a\"><div class=\"kt-inside-inner-col\"><\/div><\/div>\n\n<\/div><\/div><div class=\"kb-row-layout-wrap kb-row-layout-id25_1c1058-6c alignnone has-custom-gray-background-color kt-row-has-bg wp-block-kadence-rowlayout\"><div class=\"kt-row-column-wrap kt-has-2-columns kt-row-layout-left-golden kt-tab-layout-inherit kt-mobile-layout-row kt-row-valign-top\">\n\n<div class=\"wp-block-kadence-column kadence-column25_6d27c1-21\"><div class=\"kt-inside-inner-col\"><\/div><\/div>\n\n\n\n<div class=\"wp-block-kadence-column kadence-column25_0667c0-f1\"><div class=\"kt-inside-inner-col\">\n<h2 class=\"kt-adv-heading25_e2c40f-a6 wp-block-kadence-advancedheading\" data-kb-block=\"kb-adv-heading25_e2c40f-a6\">Aanvullende diensten<\/h2>\n\n\n\n<p style=\"margin-top:0px;margin-bottom:12px\">Naast onze basispakketten voor sleutelbeheer bieden we ook een breed <a href=\"https:\/\/www.bespokelivingperigord.com\/property-management-maintenance\/\">scala <\/a><a href=\"https:\/\/bespokelivingperigord.com\/our-services\/property-management-maintenance\/\" data-type=\"page\" data-id=\"27\">aan<\/a><a href=\"https:\/\/www.bespokelivingperigord.com\/property-management-maintenance\/\"> diensten om je te helpen bij het onderhoud en beheer van je woning<\/a> en om je de gemoedsrust te geven dat de noodzakelijke taken worden uitgevoerd om ervoor te zorgen dat je woning aan de regels voldoet en goed wordt onderhouden tijdens je afwezigheid. Al deze diensten zijn beschikbaar op ad-hoc of regelmatige basis voor zowel contractuele als niet-contractuele klanten. <br\/><\/p>\n<\/div><\/div>\n\n<\/div><\/div><div class=\"kb-row-layout-wrap kb-row-layout-id25_5a51bf-86 alignnone wp-block-kadence-rowlayout\"><div class=\"kt-row-column-wrap kt-has-1-columns kt-row-layout-equal kt-tab-layout-inherit kt-mobile-layout-row kt-row-valign-top\">\n\n<div class=\"wp-block-kadence-column kadence-column25_0329de-ae\"><div class=\"kt-inside-inner-col\">\n<h2 class=\"kt-adv-heading25_c095b3-00 wp-block-kadence-advancedheading\" data-kb-block=\"kb-adv-heading25_c095b3-00\">Ge\u00efnteresseerd in onze diensten?<\/h2>\n\n\n\n<p><strong>De diensten die hier worden genoemd zijn niet uitputtend en we kunnen helpen met elk aspect van het praktische of administratieve beheer van je woning.<\/strong><\/p>\n\n\n\n<p>Houd er rekening mee dat we alleen werken voor priv\u00e9woningen en geen werkzaamheden uitvoeren met betrekking tot commerci\u00eble verhuur, zoals vakantieverblijven of g\u00eetes.  <\/p>\n\n\n\n<p>Als je meer informatie wilt over de diensten die we aanbieden, aarzel dan niet om contact met ons op te nemen voor meer informatie.<\/p>\n\n\n\n<div class=\"wp-block-kadence-advancedbtn kb-buttons-wrap kb-btns25_14ebb6-36\"><a class=\"kb-button kt-button button kb-btn25_1c236d-61 kt-btn-size-standard kt-btn-width-type-auto kb-btn-global-inherit kt-btn-has-text-true kt-btn-has-svg-false wp-block-button__link wp-block-kadence-singlebtn\" href=\"https:\/\/bespokelivingperigord.com\/contact\/\"><span class=\"kt-btn-inner-text\">Neem contact met ons op<\/span><\/a><\/div>\n<\/div><\/div>\n\n<\/div><\/div>","protected":false},"excerpt":{"rendered":"<p>Professioneel sleutelbeheer en conci\u00ebrges Als eigenaar van een woning in Frankrijk kan het voorkomen dat je woning leeg komt te staan. Of je nu een vakantiehuis in Frankrijk hebt, een huis dat je aan het renoveren bent of een huis dat je op lange termijn verhuurt, wij passen onze sleutelbeheer- en conci\u00ebrgediensten precies aan jouw [&hellip;]<\/p>\n","protected":false},"author":1,"featured_media":0,"parent":840,"menu_order":0,"comment_status":"closed","ping_status":"closed","template":"","meta":{"footnotes":""},"class_list":["post-847","page","type-page","status-publish","hentry"],"_links":{"self":[{"href":"https:\/\/bespokelivingperigord.com\/nl\/wp-json\/wp\/v2\/pages\/847","targetHints":{"allow":["GET"]}}],"collection":[{"href":"https:\/\/bespokelivingperigord.com\/nl\/wp-json\/wp\/v2\/pages"}],"about":[{"href":"https:\/\/bespokelivingperigord.com\/nl\/wp-json\/wp\/v2\/types\/page"}],"author":[{"embeddable":true,"href":"https:\/\/bespokelivingperigord.com\/nl\/wp-json\/wp\/v2\/users\/1"}],"replies":[{"embeddable":true,"href":"https:\/\/bespokelivingperigord.com\/nl\/wp-json\/wp\/v2\/comments?post=847"}],"version-history":[{"count":1,"href":"https:\/\/bespokelivingperigord.com\/nl\/wp-json\/wp\/v2\/pages\/847\/revisions"}],"predecessor-version":[{"id":848,"href":"https:\/\/bespokelivingperigord.com\/nl\/wp-json\/wp\/v2\/pages\/847\/revisions\/848"}],"up":[{"embeddable":true,"href":"https:\/\/bespokelivingperigord.com\/nl\/wp-json\/wp\/v2\/pages\/840"}],"wp:attachment":[{"href":"https:\/\/bespokelivingperigord.com\/nl\/wp-json\/wp\/v2\/media?parent=847"}],"curies":[{"name":"wp","href":"https:\/\/api.w.org\/{rel}","templated":true}]}}