{"id":867,"date":"2024-11-25T16:04:55","date_gmt":"2024-11-25T16:04:55","guid":{"rendered":"https:\/\/bespokelivingperigord.com\/nos-services\/ventes-et-achats-de-biens-immobiliers\/"},"modified":"2025-11-12T12:17:46","modified_gmt":"2025-11-12T12:17:46","slug":"ventes-et-achats-de-biens-immobiliers","status":"publish","type":"page","link":"https:\/\/bespokelivingperigord.com\/fr\/nos-services\/ventes-et-achats-de-biens-immobiliers\/","title":{"rendered":"Ventes et achats de biens immobiliers"},"content":{"rendered":"<div class=\"kb-row-layout-wrap kb-row-layout-id29_6acba0-41 alignnone wp-block-kadence-rowlayout\"><div class=\"kt-row-column-wrap kt-has-1-columns kt-row-layout-equal kt-tab-layout-inherit kt-mobile-layout-row kt-row-valign-top\">\n\n<div class=\"wp-block-kadence-column kadence-column29_88a4e2-c1\"><div class=\"kt-inside-inner-col\">\n<h2 class=\"kt-adv-heading29_7678f9-88 wp-block-kadence-advancedheading\" data-kb-block=\"kb-adv-heading29_7678f9-88\">Ventes et achats de biens immobiliers<\/h2>\n\n\n\n<p><strong>Vous avez une propri\u00e9t\u00e9 dans notre r\u00e9gion que vous mettez en vente ou que vous envisagez de vendre ? Ou peut-\u00eatre \u00eates-vous \u00e0 la recherche de la maison de vacances id\u00e9ale en France ?   <\/strong><\/p>\n\n\n\n<p>Dans le cadre de nos services, nous pouvons vous aider \u00e0 d\u00e9signer des agents immobiliers pour vendre votre propri\u00e9t\u00e9, \u00e0 pr\u00e9parer votre maison pour la vente, \u00e0 g\u00e9rer les processus et l&rsquo;administration n\u00e9cessaires \u00e0 la vente de propri\u00e9t\u00e9s, ainsi qu&rsquo;\u00e0 trouver des propri\u00e9t\u00e9s appropri\u00e9es pour les acheteurs.<\/p>\n\n\n\n<p>Si votre propri\u00e9t\u00e9 est \u00e0 vendre, nous pouvons \u00e9galement vous assister et assurer la liaison avec les agents pour les aider \u00e0 effectuer les travaux, visites ou documents n\u00e9cessaires afin d&rsquo;acc\u00e9l\u00e9rer le processus en votre absence et de vous donner la tranquillit\u00e9 d&rsquo;esprit de savoir qu&rsquo;il existe un point de contact capable de vous assister de mani\u00e8re comp\u00e9tente dans ces t\u00e2ches.<\/p>\n\n\n\n<p><strong>Bespoke Living offre une gamme de services qui peuvent inclure, mais ne sont pas limit\u00e9s \u00e0 :<\/strong><\/p>\n<\/div><\/div>\n\n<\/div><\/div><div class=\"kb-row-layout-wrap kb-row-layout-id29_49056c-c6 alignnone has-custom-gray-background-color kt-row-has-bg wp-block-kadence-rowlayout\"><div class=\"kt-row-column-wrap kt-has-2-columns kt-row-layout-left-golden kt-tab-layout-inherit kt-mobile-layout-row kt-row-valign-top\">\n\n<div class=\"wp-block-kadence-column kadence-column29_71ccc9-52\"><div class=\"kt-inside-inner-col\"><\/div><\/div>\n\n\n\n<div class=\"wp-block-kadence-column kadence-column29_c0eb2c-33\"><div class=\"kt-inside-inner-col\">\n<h2 class=\"kt-adv-heading29_4623cb-13 wp-block-kadence-advancedheading\" data-kb-block=\"kb-adv-heading29_4623cb-13\">Recherche d&rsquo;agents immobiliers et liaison avec eux<\/h2>\n\n\n\n<p style=\"margin-top:0px;margin-bottom:12px\">Que vous cherchiez \u00e0 vendre votre propri\u00e9t\u00e9 ou \u00e0 l&rsquo;acheter, nous avons d&rsquo;excellents contacts professionnels avec des agents immobiliers de notre r\u00e9gion et d&rsquo;autres r\u00e9gions. Nous pouvons travailler avec les agents pour vous aider \u00e0 trouver des propri\u00e9t\u00e9s, organiser des \u00e9valuations, coordonner les visites pour les acheteurs potentiels et vous donner des conseils g\u00e9n\u00e9raux sur l&rsquo;achat et la vente de propri\u00e9t\u00e9s. <br\/><\/p>\n<\/div><\/div>\n\n<\/div><\/div><div class=\"kb-row-layout-wrap kb-row-layout-id29_457dcc-7f alignnone wp-block-kadence-rowlayout\"><div class=\"kt-row-column-wrap kt-has-2-columns kt-row-layout-left-golden kt-tab-layout-inherit kt-mobile-layout-row kt-row-valign-top\">\n\n<div class=\"wp-block-kadence-column kadence-column29_50725b-0c\"><div class=\"kt-inside-inner-col\">\n<h2 class=\"kt-adv-heading29_585e2a-40 wp-block-kadence-advancedheading\" data-kb-block=\"kb-adv-heading29_585e2a-40\">Contact local pour les achats de biens immobiliers<\/h2>\n\n\n\n<p style=\"margin-top:0px;margin-bottom:12px\">Pour ceux qui cherchent \u00e0 acheter une propri\u00e9t\u00e9, nous pouvons assister ou accompagner les visites et les inspections, fournir des conseils sur le processus d&rsquo;achat et sur les \u00e9tapes pratiques de l&rsquo;installation dans votre nouvelle maison &#8211; y compris l&rsquo;installation des services publics, la compr\u00e9hension des taxes et le respect des obligations locales. Nous pouvons \u00e9galement servir de point de contact fiable tout au long du processus de vente, ce qui est particuli\u00e8rement utile pour les personnes qui ne sont pas familiaris\u00e9es avec le syst\u00e8me immobilier fran\u00e7ais ou qui ont une connaissance limit\u00e9e de la langue fran\u00e7aise. <br\/><br\/><\/p>\n<\/div><\/div>\n\n\n\n<div class=\"wp-block-kadence-column kadence-column29_79d144-da\"><div class=\"kt-inside-inner-col\"><\/div><\/div>\n\n<\/div><\/div><div class=\"kb-row-layout-wrap kb-row-layout-id29_abc24c-cf alignnone has-custom-gray-background-color kt-row-has-bg wp-block-kadence-rowlayout\"><div class=\"kt-row-column-wrap kt-has-2-columns kt-row-layout-left-golden kt-tab-layout-inherit kt-mobile-layout-row kt-row-valign-top\">\n\n<div class=\"wp-block-kadence-column kadence-column29_ff89c7-a9\"><div class=\"kt-inside-inner-col\"><\/div><\/div>\n\n\n\n<div class=\"wp-block-kadence-column kadence-column29_43a54e-89\"><div class=\"kt-inside-inner-col\">\n<h2 class=\"kt-adv-heading29_4535e8-92 wp-block-kadence-advancedheading\" data-kb-block=\"kb-adv-heading29_4535e8-92\">Pr\u00e9paration de la propri\u00e9t\u00e9, nettoyage et mise en sc\u00e8ne<\/h2>\n\n\n\n<p style=\"margin-top:0px;margin-bottom:12px\">Si vous cherchez \u00e0 vendre votre propri\u00e9t\u00e9, nous pouvons vous aider \u00e0 la pr\u00e9parer et \u00e0 faire des recommandations pour qu&rsquo;elle soit plus attrayante pour les acheteurs potentiels. Il peut s&rsquo;agir d&rsquo;un nettoyage en profondeur, d&rsquo;une mise en sc\u00e8ne de l&rsquo;int\u00e9rieur et de l&rsquo;ext\u00e9rieur pour les photos et les visites, de petits travaux de bricolage ou de r\u00e9paration, ou de toute autre pr\u00e9paration n\u00e9cessaire pour donner une excellente premi\u00e8re impression aux acheteurs potentiels. Si le bien est vacant, nous pouvons \u00e9galement effectuer des visites r\u00e9guli\u00e8res afin d&rsquo;\u00e9liminer les toiles d&rsquo;araign\u00e9e et la poussi\u00e8re. Nous recommandons vivement nos <a href=\"https:\/\/bespokelivingperigord.com\/fr\/nos-services\/detention-de-cles\/\" data-type=\"page\" data-id=\"25\">services de gardiennage<\/a> pour les biens vacants.  <br\/><\/p>\n<\/div><\/div>\n\n<\/div><\/div><div class=\"kb-row-layout-wrap kb-row-layout-id29_01f138-c5 alignnone wp-block-kadence-rowlayout\"><div class=\"kt-row-column-wrap kt-has-2-columns kt-row-layout-left-golden kt-tab-layout-inherit kt-mobile-layout-row kt-row-valign-top\">\n\n<div class=\"wp-block-kadence-column kadence-column29_fe5204-27\"><div class=\"kt-inside-inner-col\">\n<h2 class=\"kt-adv-heading29_7c5589-b6 wp-block-kadence-advancedheading\" data-kb-block=\"kb-adv-heading29_7c5589-b6\">D\u00e9m\u00e9nagements et inventaires<\/h2>\n\n\n\n<p style=\"margin-top:0px;margin-bottom:12px\">Si vous avez besoin d&#8217;emballer et de d\u00e9placer des biens, ou d&rsquo;organiser la vente d&rsquo;objets dans votre propri\u00e9t\u00e9, nous pouvons \u00e9galement vous aider. Nous pouvons travailler avec des soci\u00e9t\u00e9s de d\u00e9m\u00e9nagement pour vous aider \u00e0 emballer, d\u00e9baller et organiser la logistique, superviser la collecte et la livraison des objets, et organiser des visites d&rsquo;inspection avec des maisons de vente aux ench\u00e8res ou des soci\u00e9t\u00e9s de d\u00e9barras. Nous pouvons \u00e9galement r\u00e9aliser des inventaires d\u00e9taill\u00e9s des biens avant et apr\u00e8s le transport, pour votre tranquillit\u00e9 d&rsquo;esprit ou \u00e0 des fins d&rsquo;assurance.  <br\/><\/p>\n<\/div><\/div>\n\n\n\n<div class=\"wp-block-kadence-column kadence-column29_72455f-ce\"><div class=\"kt-inside-inner-col\"><\/div><\/div>\n\n<\/div><\/div><div class=\"kb-row-layout-wrap kb-row-layout-id29_947643-8d alignnone has-custom-gray-background-color kt-row-has-bg wp-block-kadence-rowlayout\"><div class=\"kt-row-column-wrap kt-has-2-columns kt-row-layout-left-golden kt-tab-layout-inherit kt-mobile-layout-row kt-row-valign-top\">\n\n<div class=\"wp-block-kadence-column kadence-column29_a4b1e2-57\"><div class=\"kt-inside-inner-col\"><\/div><\/div>\n\n\n\n<div class=\"wp-block-kadence-column kadence-column29_cbcd95-8a\"><div class=\"kt-inside-inner-col\">\n<h2 class=\"kt-adv-heading29_2c0648-58 wp-block-kadence-advancedheading\" data-kb-block=\"kb-adv-heading29_2c0648-58\">Administration et obligations<\/h2>\n\n\n\n<p style=\"margin-top:0px;margin-bottom:12px\"><a href=\"https:\/\/bespokelivingperigord.com\/fr\/nos-services\/gestion-et-entretien-des-biens-immobiliers\/\" data-type=\"page\" data-id=\"27\">Les propri\u00e9taires sont soumis \u00e0 diverses obligations<\/a> en termes d&rsquo;information et d&rsquo;administration pour pr\u00e9parer un bien immobilier \u00e0 la vente. Il peut s&rsquo;agir de proc\u00e9dures obligatoires telles que le DPE et les \u00e9valuations diagnostiques, le ramonage des chemin\u00e9es, les inspections \u00e9lectriques, les inspections des fosses, ou la collecte d&rsquo;informations sur un bien immobilier. Nous pouvons vous aider \u00e0 organiser ces rendez-vous, ou entreprendre les t\u00e2ches administratives n\u00e9cessaires, et assister aux rendez-vous au nom du propri\u00e9taire, en transmettant les informations n\u00e9cessaires au notaire ou \u00e0 l&rsquo;immobilier.<br\/><\/p>\n<\/div><\/div>\n\n<\/div><\/div><div class=\"kb-row-layout-wrap kb-row-layout-id29_6ef913-85 alignnone wp-block-kadence-rowlayout\"><div class=\"kt-row-column-wrap kt-has-2-columns kt-row-layout-left-golden kt-tab-layout-inherit kt-mobile-layout-row kt-row-valign-top\">\n\n<div class=\"wp-block-kadence-column kadence-column29_094f43-ff\"><div class=\"kt-inside-inner-col\">\n<h2 class=\"kt-adv-heading29_6d13d2-c1 wp-block-kadence-advancedheading\" data-kb-block=\"kb-adv-heading29_6d13d2-c1\">Repr\u00e9sentation du client<\/h2>\n\n\n\n<p style=\"margin-top:0px;margin-bottom:12px\">Si vous achetez ou vendez un bien immobilier et que vous ne pouvez pas vous rendre sur place ou dans la r\u00e9gion, nous pouvons agir au nom de nos clients. Il peut s&rsquo;agir de r\u00e9cup\u00e9rer ou de d\u00e9poser les cl\u00e9s d&rsquo;un bien immobilier, de proc\u00e9der \u00e0 l&rsquo;inspection du bien avant la signature du contrat ou d&rsquo;agir en tant que mandataire du client lors de la signature. Nous pouvons \u00e9galement servir d&rsquo;interm\u00e9diaire pendant le processus d&rsquo;\u00e9chantillonnage ou d&rsquo;achat pour vous aider \u00e0 expliquer et \u00e0 traduire les documents si n\u00e9cessaire.  <br\/><\/p>\n<\/div><\/div>\n\n\n\n<div class=\"wp-block-kadence-column kadence-column29_c826e5-9c\"><div class=\"kt-inside-inner-col\"><\/div><\/div>\n\n<\/div><\/div><div class=\"kb-row-layout-wrap kb-row-layout-id29_4c72b5-0d alignnone wp-block-kadence-rowlayout\"><div class=\"kt-row-column-wrap kt-has-1-columns kt-row-layout-equal kt-tab-layout-inherit kt-mobile-layout-row kt-row-valign-top\">\n\n<div class=\"wp-block-kadence-column kadence-column29_acab19-05\"><div class=\"kt-inside-inner-col\">\n<h2 class=\"kt-adv-heading29_4e943b-2e wp-block-kadence-advancedheading\" data-kb-block=\"kb-adv-heading29_4e943b-2e\">Nos services vous int\u00e9ressent ?<\/h2>\n\n\n\n<p><strong>Les services \u00e9num\u00e9r\u00e9s ici ne sont pas exhaustifs, et nous pouvons vous aider dans tous les aspects de la gestion pratique ou administrative de votre propri\u00e9t\u00e9. Ces services ne sont pas r\u00e9serv\u00e9s \u00e0 nos clients d\u00e9tenteurs de cl\u00e9s, et nous sommes heureux de prendre en charge des travaux ad hoc et ponctuels.   <\/strong><\/p>\n\n\n\n<p>Veuillez noter que nous ne travaillons que pour des r\u00e9sidences priv\u00e9es et que nous n&rsquo;effectuons aucun travail en rapport avec des locations commerciales telles que des locations de vacances ou des g\u00eetes.  <\/p>\n\n\n\n<p>Si vous souhaitez obtenir plus d&rsquo;informations sur les services que nous proposons, n&rsquo;h\u00e9sitez pas \u00e0 nous contacter pour en discuter plus en d\u00e9tail.<\/p>\n\n\n\n<div class=\"wp-block-kadence-advancedbtn kb-buttons-wrap kb-btns29_ede843-bf\"><a class=\"kb-button kt-button button kb-btn29_cec17f-a5 kt-btn-size-standard kt-btn-width-type-auto kb-btn-global-inherit kt-btn-has-text-true kt-btn-has-svg-false wp-block-button__link wp-block-kadence-singlebtn\" href=\"https:\/\/bespokelivingperigord.com\/fr\/contact\/\"><span class=\"kt-btn-inner-text\">Contactez nous<\/span><\/a><\/div>\n<\/div><\/div>\n\n<\/div><\/div>","protected":false},"excerpt":{"rendered":"<p>Ventes et achats de biens immobiliers Vous avez une propri\u00e9t\u00e9 dans notre r\u00e9gion que vous mettez en vente ou que vous envisagez de vendre ? Ou peut-\u00eatre \u00eates-vous \u00e0 la recherche de la maison de vacances id\u00e9ale en France ? Dans le cadre de nos services, nous pouvons vous aider \u00e0 d\u00e9signer des agents immobiliers [&hellip;]<\/p>\n","protected":false},"author":1,"featured_media":0,"parent":830,"menu_order":0,"comment_status":"closed","ping_status":"closed","template":"","meta":{"footnotes":""},"class_list":["post-867","page","type-page","status-publish","hentry"],"_links":{"self":[{"href":"https:\/\/bespokelivingperigord.com\/fr\/wp-json\/wp\/v2\/pages\/867","targetHints":{"allow":["GET"]}}],"collection":[{"href":"https:\/\/bespokelivingperigord.com\/fr\/wp-json\/wp\/v2\/pages"}],"about":[{"href":"https:\/\/bespokelivingperigord.com\/fr\/wp-json\/wp\/v2\/types\/page"}],"author":[{"embeddable":true,"href":"https:\/\/bespokelivingperigord.com\/fr\/wp-json\/wp\/v2\/users\/1"}],"replies":[{"embeddable":true,"href":"https:\/\/bespokelivingperigord.com\/fr\/wp-json\/wp\/v2\/comments?post=867"}],"version-history":[{"count":4,"href":"https:\/\/bespokelivingperigord.com\/fr\/wp-json\/wp\/v2\/pages\/867\/revisions"}],"predecessor-version":[{"id":1076,"href":"https:\/\/bespokelivingperigord.com\/fr\/wp-json\/wp\/v2\/pages\/867\/revisions\/1076"}],"up":[{"embeddable":true,"href":"https:\/\/bespokelivingperigord.com\/fr\/wp-json\/wp\/v2\/pages\/830"}],"wp:attachment":[{"href":"https:\/\/bespokelivingperigord.com\/fr\/wp-json\/wp\/v2\/media?parent=867"}],"curies":[{"name":"wp","href":"https:\/\/api.w.org\/{rel}","templated":true}]}}