{"id":857,"date":"2024-11-26T11:24:27","date_gmt":"2024-11-26T11:24:27","guid":{"rendered":"https:\/\/bespokelivingperigord.com\/experience-anterieure\/"},"modified":"2025-08-22T08:54:10","modified_gmt":"2025-08-22T08:54:10","slug":"experience-anterieure","status":"publish","type":"page","link":"https:\/\/bespokelivingperigord.com\/fr\/experience-anterieure\/","title":{"rendered":"Exp\u00e9rience ant\u00e9rieure"},"content":{"rendered":"<div class=\"kb-row-layout-wrap kb-row-layout-id225_94e129-24 alignnone wp-block-kadence-rowlayout\"><div class=\"kt-row-column-wrap kt-has-2-columns kt-row-layout-left-golden kt-tab-layout-inherit kt-mobile-layout-row kt-row-valign-top\">\n\n<div class=\"wp-block-kadence-column kadence-column225_19f210-6b\"><div class=\"kt-inside-inner-col\">\n<h2 class=\"kt-adv-heading225_331a69-39 wp-block-kadence-advancedheading\" data-kb-block=\"kb-adv-heading225_331a69-39\">Exp\u00e9rience ant\u00e9rieure<\/h2>\n\n\n\n<p><strong>Contrairement \u00e0 de nombreux autres services d&rsquo;am\u00e9nagement paysager et de construction propos\u00e9s dans la r\u00e9gion, Bespoke Living vous garantit une approche qualifi\u00e9e et cr\u00e9ative de tout projet par un architecte paysagiste et un entrepreneur exp\u00e9riment\u00e9s.<\/strong><\/p>\n\n\n\n<p>Travaillant dans l&rsquo;am\u00e9nagement paysager et la construction depuis son plus jeune \u00e2ge, Ben a cr\u00e9\u00e9 Bespoke Landscapes (Hampshire) en 2003, qui est rapidement devenue l&rsquo;une des entreprises d&rsquo;am\u00e9nagement paysager et de construction les plus accr\u00e9dit\u00e9es du Royaume-Uni, offrant tous les aspects de la conception et de la construction de jardins, de la construction de b\u00e2timents en bois, de la r\u00e9novation et de l&rsquo;entretien de jardins. L&rsquo;entreprise a \u00e9t\u00e9 ferm\u00e9e en 2017 \u00e0 la suite de notre d\u00e9m\u00e9nagement en France. <\/p>\n\n\n\n<p>Pendant de nombreuses ann\u00e9es, nous avons \u00e9t\u00e9 membres de Checkatrade, Buy with Confidence et de la prestigieuse BALI (British Association of Landscaping Industries). En outre, Bespoke Landscapes a \u00e9t\u00e9 pr\u00e9sent\u00e9 comme entrepreneur sur Houzz, a travaill\u00e9 avec l&rsquo;\u00e9quipe de r\u00e9paration sur Channel 5 Cowboy Builders, a \u00e9t\u00e9 pr\u00e9sent\u00e9 dans <a href=\"https:\/\/bespokelivingperigord.com\/wp-content\/uploads\/2024\/11\/Society-Magazine-Hampton-Court.pdf\" target=\"_blank\" rel=\"noreferrer noopener\">Society Magazine<\/a> et <a href=\"https:\/\/bespokelivingperigord.com\/wp-content\/uploads\/2024\/11\/Pro-Landscaper-Magazine-Fir-Hill.pdf\" target=\"_blank\" rel=\"noreferrer noopener\">Pro-Landscaper magazine<\/a> et est apparu dans la couverture du RHS Show de BBC2 Gardeners World. <\/p>\n\n\n\n<p>Au cours de cette p\u00e9riode, Bespoke Landscapes a con\u00e7u et r\u00e9alis\u00e9 de nombreux projets d&rsquo;am\u00e9nagement paysager, allant de petits espaces pav\u00e9s pour des propri\u00e9t\u00e9s domestiques \u00e0 des r\u00e9novations d&rsquo;\u00e9poque \u00e0 grande \u00e9chelle pour des clients dans tout le sud de l&rsquo;Angleterre, y compris la r\u00e9novation du jardin clos de la propri\u00e9t\u00e9 g\u00e9orgienne historique Fir Hill dans le Hampshire.<\/p>\n\n\n\n<p>Ben a \u00e9galement remport\u00e9 une <a href=\"https:\/\/bespokelivingperigord.com\/wp-content\/uploads\/2024\/11\/Hampshire-Chronicle-Hampton-Court.pdf\" target=\"_blank\" rel=\"noreferrer noopener\">m\u00e9daille RHS<\/a> tr\u00e8s recherch\u00e9e pour son jardin \u00a0\u00bb The Poets Retreat \u00a0\u00bb \u00e0 l&rsquo;exposition florale de Hampton Court en 2012, pour lequel Bespoke Landscapes \u00e9tait \u00e0 la fois le concepteur et l&rsquo;entrepreneur &#8211; une r\u00e9alisation inhabituelle et rare.<\/p>\n\n\n\n<p>Ben utilise son exp\u00e9rience, ses connaissances et ses comp\u00e9tences pour r\u00e9aliser des travaux de conception de jardins et d&rsquo;am\u00e9nagement paysager en France. Bien que l&rsquo;am\u00e9nagement paysager et la construction ne soient pas nos principaux services, nous sommes enregistr\u00e9s pour fournir ces services, et nous sommes heureux de faire des devis pour des travaux, bien que la disponibilit\u00e9 pour des projets plus importants soit limit\u00e9e.   <\/p>\n\n\n\n<p>Vous trouverez ici les d\u00e9tails de tous nos services d&rsquo;am\u00e9nagement paysager et de construction : <a href=\"https:\/\/bespokelivingperigord.com\/fr\/nos-services\/\" data-type=\"page\" data-id=\"17\">Services<\/a><\/p>\n\n\n\n<p>Vous pouvez voir des photos de nos projets pr\u00e9c\u00e9dents &#8211; au Royaume-Uni et en France &#8211; dans notre <a href=\"https:\/\/bespokelivingperigord.com\/fr\/le-portefeuille\/\" data-type=\"page\" data-id=\"23\">Portfolio.<\/a><\/p>\n\n\n\n<p>N&rsquo;h\u00e9sitez pas \u00e0 <a href=\"https:\/\/bespokelivingperigord.com\/fr\/contact\/\" data-type=\"page\" data-id=\"21\">nous contacter<\/a> pour plus de d\u00e9tails, ou si vous souhaitez discuter d&rsquo;un projet que vous avez en t\u00eate.<\/p>\n<\/div><\/div>\n\n\n\n<div class=\"wp-block-kadence-column kadence-column225_c7c72c-f6\"><div class=\"kt-inside-inner-col\">\n<figure class=\"wp-block-kadence-image kb-image225_88bd40-7d size-full\"><img loading=\"lazy\" decoding=\"async\" width=\"527\" height=\"332\" src=\"https:\/\/bespokelivingperigord.com\/wp-content\/uploads\/2024\/11\/Fir-Hill-Article-1.jpg\" alt=\"\" class=\"kb-img wp-image-234\" srcset=\"https:\/\/bespokelivingperigord.com\/wp-content\/uploads\/2024\/11\/Fir-Hill-Article-1.jpg 527w, https:\/\/bespokelivingperigord.com\/wp-content\/uploads\/2024\/11\/Fir-Hill-Article-1-300x189.jpg 300w\" sizes=\"auto, (max-width: 527px) 100vw, 527px\" \/><\/figure>\n\n\n\n<figure class=\"wp-block-kadence-image kb-image225_5b17fe-6d size-full\"><img loading=\"lazy\" decoding=\"async\" width=\"436\" height=\"301\" src=\"https:\/\/bespokelivingperigord.com\/wp-content\/uploads\/2024\/11\/Society-Article-1.jpg\" alt=\"\" class=\"kb-img wp-image-235\" srcset=\"https:\/\/bespokelivingperigord.com\/wp-content\/uploads\/2024\/11\/Society-Article-1.jpg 436w, https:\/\/bespokelivingperigord.com\/wp-content\/uploads\/2024\/11\/Society-Article-1-300x207.jpg 300w\" sizes=\"auto, (max-width: 436px) 100vw, 436px\" \/><\/figure>\n\n\n\n<figure class=\"wp-block-kadence-image kb-image225_1d6745-79 size-full\"><img loading=\"lazy\" decoding=\"async\" width=\"1000\" height=\"960\" src=\"https:\/\/bespokelivingperigord.com\/wp-content\/uploads\/2024\/11\/Daily-Echo-Article-1000x960-1.jpg\" alt=\"\" class=\"kb-img wp-image-233\" srcset=\"https:\/\/bespokelivingperigord.com\/wp-content\/uploads\/2024\/11\/Daily-Echo-Article-1000x960-1.jpg 1000w, https:\/\/bespokelivingperigord.com\/wp-content\/uploads\/2024\/11\/Daily-Echo-Article-1000x960-1-300x288.jpg 300w, https:\/\/bespokelivingperigord.com\/wp-content\/uploads\/2024\/11\/Daily-Echo-Article-1000x960-1-768x737.jpg 768w\" sizes=\"auto, (max-width: 1000px) 100vw, 1000px\" \/><\/figure>\n<\/div><\/div>\n\n<\/div><\/div>","protected":false},"excerpt":{"rendered":"<p>Exp\u00e9rience ant\u00e9rieure Contrairement \u00e0 de nombreux autres services d&rsquo;am\u00e9nagement paysager et de construction propos\u00e9s dans la r\u00e9gion, Bespoke Living vous garantit une approche qualifi\u00e9e et cr\u00e9ative de tout projet par un architecte paysagiste et un entrepreneur exp\u00e9riment\u00e9s. Travaillant dans l&rsquo;am\u00e9nagement paysager et la construction depuis son plus jeune \u00e2ge, Ben a cr\u00e9\u00e9 Bespoke Landscapes (Hampshire) [&hellip;]<\/p>\n","protected":false},"author":1,"featured_media":0,"parent":0,"menu_order":0,"comment_status":"closed","ping_status":"closed","template":"","meta":{"footnotes":""},"class_list":["post-857","page","type-page","status-publish","hentry"],"_links":{"self":[{"href":"https:\/\/bespokelivingperigord.com\/fr\/wp-json\/wp\/v2\/pages\/857","targetHints":{"allow":["GET"]}}],"collection":[{"href":"https:\/\/bespokelivingperigord.com\/fr\/wp-json\/wp\/v2\/pages"}],"about":[{"href":"https:\/\/bespokelivingperigord.com\/fr\/wp-json\/wp\/v2\/types\/page"}],"author":[{"embeddable":true,"href":"https:\/\/bespokelivingperigord.com\/fr\/wp-json\/wp\/v2\/users\/1"}],"replies":[{"embeddable":true,"href":"https:\/\/bespokelivingperigord.com\/fr\/wp-json\/wp\/v2\/comments?post=857"}],"version-history":[{"count":2,"href":"https:\/\/bespokelivingperigord.com\/fr\/wp-json\/wp\/v2\/pages\/857\/revisions"}],"predecessor-version":[{"id":1033,"href":"https:\/\/bespokelivingperigord.com\/fr\/wp-json\/wp\/v2\/pages\/857\/revisions\/1033"}],"wp:attachment":[{"href":"https:\/\/bespokelivingperigord.com\/fr\/wp-json\/wp\/v2\/media?parent=857"}],"curies":[{"name":"wp","href":"https:\/\/api.w.org\/{rel}","templated":true}]}}