{"id":851,"date":"2024-11-25T16:05:26","date_gmt":"2024-11-25T16:05:26","guid":{"rendered":"https:\/\/bespokelivingperigord.com\/nos-services\/amenagement-paysager-et-construction\/"},"modified":"2025-08-22T08:47:54","modified_gmt":"2025-08-22T08:47:54","slug":"amenagement-paysager-et-construction","status":"publish","type":"page","link":"https:\/\/bespokelivingperigord.com\/fr\/nos-services\/amenagement-paysager-et-construction\/","title":{"rendered":"Am\u00e9nagement paysager et construction"},"content":{"rendered":"<div class=\"kb-row-layout-wrap kb-row-layout-id31_103fa9-b9 alignnone wp-block-kadence-rowlayout\"><div class=\"kt-row-column-wrap kt-has-1-columns kt-row-layout-equal kt-tab-layout-inherit kt-mobile-layout-row kt-row-valign-top\">\n\n<div class=\"wp-block-kadence-column kadence-column31_ce776e-c4\"><div class=\"kt-inside-inner-col\">\n<h2 class=\"kt-adv-heading31_4a924d-d7 wp-block-kadence-advancedheading\" data-kb-block=\"kb-adv-heading31_4a924d-d7\">Am\u00e9nagement paysager et construction<\/h2>\n\n\n\n<p><strong>Bespoke Living est dirig\u00e9 par un constructeur et paysagiste exp\u00e9riment\u00e9, Ben Johns, qui a plus de 25 ans d&rsquo;exp\u00e9rience dans tous les aspects de l&rsquo;industrie de l&rsquo;am\u00e9nagement paysager et de la construction, et qui est \u00e9galement un concepteur de jardins et un entrepreneur paysagiste laur\u00e9at d&rsquo;une m\u00e9daille de la RHS. Pour plus d&rsquo;informations <a href=\"https:\/\/bespokelivingperigord.com\/fr\/experience-anterieure\/\" data-type=\"page\" data-id=\"225\">, cliquez ici.<\/a> <\/strong> <strong>et consultez notre Portfolio <a href=\"https:\/\/bespokelivingperigord.com\/fr\/le-portefeuille\/\">ici<\/a><\/strong><\/p>\n\n\n\n<p>Bien qu&rsquo;il ne s&rsquo;agisse pas de l&rsquo;aspect principal de notre activit\u00e9, nous sommes \u00e9galement pleinement enregistr\u00e9s, qualifi\u00e9s et capables d&rsquo;offrir les services suivants, que ce soit pour de nouvelles constructions, des r\u00e9parations ou des r\u00e9novations, en fonction de la disponibilit\u00e9.<\/p>\n\n\n\n<p>Si vous avez besoin de projets de construction ou de r\u00e9novation plus importants, bien que nous ne les proposions pas nous-m\u00eames, dans le cadre de nos services de gestion immobili\u00e8re et de gestion de projet, nous sommes en mesure de vous aider \u00e0 trouver, nommer et g\u00e9rer de tels services aupr\u00e8s d&rsquo;artisans agr\u00e9\u00e9s et assur\u00e9s.<\/p>\n<\/div><\/div>\n\n<\/div><\/div><div class=\"kb-row-layout-wrap kb-row-layout-id31_55dd64-d9 alignnone wp-block-kadence-rowlayout\"><div class=\"kt-row-column-wrap kt-has-2-columns kt-row-layout-left-golden kt-tab-layout-inherit kt-mobile-layout-row kt-row-valign-top\">\n\n<div class=\"wp-block-kadence-column kadence-column31_0b81fb-e1\"><div class=\"kt-inside-inner-col\">\n<h2 class=\"kt-adv-heading31_15d812-c6 wp-block-kadence-advancedheading\" data-kb-block=\"kb-adv-heading31_15d812-c6\">Excavation et travaux de terrassement (JCB et chauffeur)<\/h2>\n\n\n\n<p style=\"margin-top:0px;margin-bottom:12px\">Service de pelleteuse et d&rsquo;op\u00e9rateur avec notre propre pelleteuse JCB 8015 de 1,5 tonne bien entretenue. Id\u00e9ale pour les travaux de terrassement, le dessouchage, le creusement d&rsquo;\u00e9tangs, l&rsquo;ouverture de tranch\u00e9es, le d\u00e9blaiement, etc. Les tarifs sont bas\u00e9s sur un prix fixe ou un tarif journalier en fonction de l&rsquo;\u00e9tendue des travaux. Conducteur de machine exp\u00e9riment\u00e9 et comp\u00e9tent avec plus de 25 ans d&rsquo;exp\u00e9rience dans des projets d&rsquo;excavation professionnels, ce qui permet un travail efficace et pr\u00e9cis.     <em><strong>Sous r\u00e9serve de disponibilit\u00e9<\/strong><\/em><br\/><\/p>\n<\/div><\/div>\n\n\n\n<div class=\"wp-block-kadence-column kadence-column31_65e864-a2\"><div class=\"kt-inside-inner-col\"><\/div><\/div>\n\n<\/div><\/div><div class=\"kb-row-layout-wrap kb-row-layout-id31_c61832-99 alignnone has-custom-gray-background-color kt-row-has-bg wp-block-kadence-rowlayout\"><div class=\"kt-row-column-wrap kt-has-2-columns kt-row-layout-left-golden kt-tab-layout-inherit kt-mobile-layout-row kt-row-valign-top\">\n\n<div class=\"wp-block-kadence-column kadence-column31_c42490-0c\"><div class=\"kt-inside-inner-col\"><\/div><\/div>\n\n\n\n<div class=\"wp-block-kadence-column kadence-column31_5261d1-cb\"><div class=\"kt-inside-inner-col\">\n<h2 class=\"kt-adv-heading31_eec59d-ca wp-block-kadence-advancedheading\" data-kb-block=\"kb-adv-heading31_eec59d-ca\">Projets de jardinage et d&rsquo;am\u00e9nagement paysager<\/h2>\n\n\n\n<p style=\"margin-top:0px;margin-bottom:12px\">Nous offrons la possibilit\u00e9 de r\u00e9aliser de petits projets d&rsquo;am\u00e9nagement paysager tels que des all\u00e9es, des patios et des zones pav\u00e9es, des terrasses, des travaux de ma\u00e7onnerie et des structures en bois. Notre <a href=\"https:\/\/bespokelivingperigord.com\/fr\/experience-anterieure\/\" data-type=\"page\" data-id=\"225\">paysagiste exp\u00e9riment\u00e9 et qualifi\u00e9, laur\u00e9at de la m\u00e9daille RHS<\/a>, poss\u00e8de plus de 25 ans d&rsquo;exp\u00e9rience dans la conception et la construction de projets professionnels de toutes tailles, ce qui nous permet de travailler de mani\u00e8re efficace et pr\u00e9cise. Si vous avez besoin de travaux plus importants, nous proposons \u00e9galement un service de gestion de projet, voir ci-dessous.   <em><strong>Sous r\u00e9serve de disponibilit\u00e9<\/strong><\/em><br\/><\/p>\n<\/div><\/div>\n\n<\/div><\/div><div class=\"kb-row-layout-wrap kb-row-layout-id31_6e4548-3f alignnone wp-block-kadence-rowlayout\"><div class=\"kt-row-column-wrap kt-has-2-columns kt-row-layout-left-golden kt-tab-layout-inherit kt-mobile-layout-row kt-row-valign-top\">\n\n<div class=\"wp-block-kadence-column kadence-column31_6762fd-78\"><div class=\"kt-inside-inner-col\">\n<h2 class=\"kt-adv-heading31_c4fe29-d8 wp-block-kadence-advancedheading\" data-kb-block=\"kb-adv-heading31_c4fe29-d8\">Conception et gestion de projets<\/h2>\n\n\n\n<p style=\"margin-top:0px;margin-bottom:12px\">En tant que concepteur et constructeur de jardins laur\u00e9at d&rsquo;une m\u00e9daille RHS, nous pouvons vous proposer un service de conception et\/ou de gestion de projet. Il peut s&rsquo;agir de travaux de r\u00e9novation, de projets de jardin, d&rsquo;extensions, de b\u00e2timents de jardin, etc. Ce service peut comprendre un premier rendez-vous de consultation, des dessins de base ou d\u00e9taill\u00e9s et une assistance \u00e0 la mise en \u0153uvre de votre projet. Nous pouvons vous aider \u00e0 trouver des artisans agr\u00e9\u00e9s pour entreprendre les travaux, y compris des \u00e9lectriciens, des plombiers et tout autre service n\u00e9cessaire \u00e0 votre projet, et vous aider \u00e0 nommer et \u00e0 g\u00e9rer ces corps de m\u00e9tier. Nous sommes \u00e9galement en mesure de vous aider pour les aspects administratifs tels que les d\u00e9clarations d&rsquo;urbanisme, les autorisations communales et tout autre processus administratif n\u00e9cessaire \u00e0 votre projet.      <em><strong>Sous r\u00e9serve de disponibilit\u00e9<\/strong><\/em><br\/><\/p>\n<\/div><\/div>\n\n\n\n<div class=\"wp-block-kadence-column kadence-column31_9029ca-b7\"><div class=\"kt-inside-inner-col\"><\/div><\/div>\n\n<\/div><\/div><div class=\"kb-row-layout-wrap kb-row-layout-id31_1b2da6-62 alignnone has-custom-gray-background-color kt-row-has-bg wp-block-kadence-rowlayout\"><div class=\"kt-row-column-wrap kt-has-2-columns kt-row-layout-left-golden kt-tab-layout-inherit kt-mobile-layout-row kt-row-valign-top\">\n\n<div class=\"wp-block-kadence-column kadence-column31_0a63ac-10\"><div class=\"kt-inside-inner-col\"><\/div><\/div>\n\n\n\n<div class=\"wp-block-kadence-column kadence-column31_d8d094-7c\"><div class=\"kt-inside-inner-col\">\n<h2 class=\"kt-adv-heading31_31d930-1c wp-block-kadence-advancedheading\" data-kb-block=\"kb-adv-heading31_31d930-1c\">Entretien et gestion des biens immobiliers<\/h2>\n\n\n\n<p style=\"margin-top:0px;margin-bottom:12px\">Nous proposons \u00e9galement une <a href=\"https:\/\/bespokelivingperigord.com\/fr\/nos-services\/gestion-et-entretien-des-biens-immobiliers\/\" data-type=\"page\" data-id=\"27\">gamme compl\u00e8te de services pour vous aider \u00e0 entretenir et \u00e0 g\u00e9rer vos propri\u00e9t\u00e9s<\/a>, qu&rsquo;il s&rsquo;agisse d&rsquo;une maison de vacances ou d&rsquo;une r\u00e9sidence permanente. Il peut s&rsquo;agir de r\u00e9parations d&rsquo;urgence, de petits travaux de bricolage, de r\u00e9parations courantes, de remplacements et d&rsquo;entretien. Nous sommes couverts pour une multitude de services et d&rsquo;activit\u00e9s dans la maison et le jardin. Si vous envisagez un travail qui n&rsquo;est pas d\u00e9taill\u00e9 sur le site, n&rsquo;h\u00e9sitez pas \u00e0 nous contacter pour nous le demander, car il se peut que nous soyons en mesure de vous l&rsquo;offrir !   <br\/><\/p>\n<\/div><\/div>\n\n<\/div><\/div><div class=\"kb-row-layout-wrap kb-row-layout-id31_e6468c-a1 alignnone wp-block-kadence-rowlayout\"><div class=\"kt-row-column-wrap kt-has-1-columns kt-row-layout-equal kt-tab-layout-inherit kt-mobile-layout-row kt-row-valign-top\">\n\n<div class=\"wp-block-kadence-column kadence-column31_f130de-d2\"><div class=\"kt-inside-inner-col\">\n<h2 class=\"kt-adv-heading31_17b3a0-a0 wp-block-kadence-advancedheading\" data-kb-block=\"kb-adv-heading31_17b3a0-a0\">Nos services vous int\u00e9ressent ?<\/h2>\n\n\n\n<p><strong>Les services \u00e9num\u00e9r\u00e9s ici ne sont pas exhaustifs, et nous pouvons vous assister dans tous les aspects de la gestion pratique ou administrative de votre propri\u00e9t\u00e9. Ces services ne sont pas limit\u00e9s \u00e0 nos clients d\u00e9tenteurs de cl\u00e9s, et nous sommes heureux de prendre en charge des travaux ad hoc et ponctuels.  <\/strong><\/p>\n\n\n\n<p>Vous trouverez dans notre <a href=\"https:\/\/bespokelivingperigord.com\/fr\/le-portefeuille\/\" data-type=\"page\" data-id=\"23\">portefeuille des<\/a> exemples de projets que nous avons d\u00e9j\u00e0 entrepris ou g\u00e9r\u00e9s.<\/p>\n\n\n\n<p>Si vous souhaitez obtenir plus d&rsquo;informations sur les services que nous proposons, n&rsquo;h\u00e9sitez pas \u00e0 nous contacter pour en discuter plus en d\u00e9tail.<\/p>\n\n\n\n<div class=\"wp-block-kadence-advancedbtn kb-buttons-wrap kb-btns31_6bff8c-39\"><a class=\"kb-button kt-button button kb-btn31_411a4d-ce kt-btn-size-standard kt-btn-width-type-auto kb-btn-global-inherit kt-btn-has-text-true kt-btn-has-svg-false wp-block-button__link wp-block-kadence-singlebtn\" href=\"https:\/\/bespokelivingperigord.com\/fr\/contact\/\"><span class=\"kt-btn-inner-text\">Contactez nous<\/span><\/a><\/div>\n<\/div><\/div>\n\n<\/div><\/div>","protected":false},"excerpt":{"rendered":"<p>Am\u00e9nagement paysager et construction Bespoke Living est dirig\u00e9 par un constructeur et paysagiste exp\u00e9riment\u00e9, Ben Johns, qui a plus de 25 ans d&rsquo;exp\u00e9rience dans tous les aspects de l&rsquo;industrie de l&rsquo;am\u00e9nagement paysager et de la construction, et qui est \u00e9galement un concepteur de jardins et un entrepreneur paysagiste laur\u00e9at d&rsquo;une m\u00e9daille de la RHS. Pour [&hellip;]<\/p>\n","protected":false},"author":1,"featured_media":0,"parent":830,"menu_order":0,"comment_status":"closed","ping_status":"closed","template":"","meta":{"footnotes":""},"class_list":["post-851","page","type-page","status-publish","hentry"],"_links":{"self":[{"href":"https:\/\/bespokelivingperigord.com\/fr\/wp-json\/wp\/v2\/pages\/851","targetHints":{"allow":["GET"]}}],"collection":[{"href":"https:\/\/bespokelivingperigord.com\/fr\/wp-json\/wp\/v2\/pages"}],"about":[{"href":"https:\/\/bespokelivingperigord.com\/fr\/wp-json\/wp\/v2\/types\/page"}],"author":[{"embeddable":true,"href":"https:\/\/bespokelivingperigord.com\/fr\/wp-json\/wp\/v2\/users\/1"}],"replies":[{"embeddable":true,"href":"https:\/\/bespokelivingperigord.com\/fr\/wp-json\/wp\/v2\/comments?post=851"}],"version-history":[{"count":3,"href":"https:\/\/bespokelivingperigord.com\/fr\/wp-json\/wp\/v2\/pages\/851\/revisions"}],"predecessor-version":[{"id":1030,"href":"https:\/\/bespokelivingperigord.com\/fr\/wp-json\/wp\/v2\/pages\/851\/revisions\/1030"}],"up":[{"embeddable":true,"href":"https:\/\/bespokelivingperigord.com\/fr\/wp-json\/wp\/v2\/pages\/830"}],"wp:attachment":[{"href":"https:\/\/bespokelivingperigord.com\/fr\/wp-json\/wp\/v2\/media?parent=851"}],"curies":[{"name":"wp","href":"https:\/\/api.w.org\/{rel}","templated":true}]}}