{"id":849,"date":"2024-11-25T16:03:30","date_gmt":"2024-11-25T16:03:30","guid":{"rendered":"https:\/\/bespokelivingperigord.com\/nos-services\/detention-de-cles\/"},"modified":"2025-02-03T09:31:37","modified_gmt":"2025-02-03T09:31:37","slug":"detention-de-cles","status":"publish","type":"page","link":"https:\/\/bespokelivingperigord.com\/fr\/nos-services\/detention-de-cles\/","title":{"rendered":"D\u00e9tention de cl\u00e9s"},"content":{"rendered":"<div class=\"kb-row-layout-wrap kb-row-layout-id25_112a4a-4c alignnone wp-block-kadence-rowlayout\"><div class=\"kt-row-column-wrap kt-has-1-columns kt-row-layout-equal kt-tab-layout-inherit kt-mobile-layout-row kt-row-valign-top\">\n\n<div class=\"wp-block-kadence-column kadence-column25_c1916c-26\"><div class=\"kt-inside-inner-col\">\n<h2 class=\"kt-adv-heading25_50db7b-f5 wp-block-kadence-advancedheading\" data-kb-block=\"kb-adv-heading25_50db7b-f5\">Gardien de cl\u00e9s et concierge professionnel<\/h2>\n\n\n\n<p><strong>En tant que propri\u00e9taire d&rsquo;un bien immobilier en France, il peut arriver que votre propri\u00e9t\u00e9 soit laiss\u00e9e vacante. Que vous ayez une maison de vacances en France, une propri\u00e9t\u00e9 que vous \u00eates en train de r\u00e9nover, ou une propri\u00e9t\u00e9 que vous louez \u00e0 long terme, nous adaptons nos services de garde de cl\u00e9s et de gardiennage \u00e0 vos besoins exacts.   <\/strong><\/p>\n\n\n\n<p>Nous sommes une entreprise familiale professionnelle qui propose une gamme de services pour vous aider \u00e0 g\u00e9rer et \u00e0 entretenir votre propri\u00e9t\u00e9 en votre absence. Nous sommes une <strong>soci\u00e9t\u00e9 \u00e9tablie et exp\u00e9riment\u00e9e<\/strong> qui est<strong> sp\u00e9cifiquement enregistr\u00e9e et assur\u00e9e<\/strong> pour assurer l&rsquo;entretien et la s\u00e9curit\u00e9 de votre maison. Le principal avantage de ce service est la tranquillit\u00e9 d&rsquo;esprit des propri\u00e9taires lorsqu&rsquo;ils sont loin de leur propri\u00e9t\u00e9 : savoir qu&rsquo;il y a quelqu&rsquo;un qui conna\u00eet la propri\u00e9t\u00e9 et qui peut v\u00e9rifier que tout est s\u00e9curis\u00e9 et conforme aux attentes sur une base r\u00e9guli\u00e8re, et aussi quelqu&rsquo;un qui peut s&rsquo;occuper de tous les probl\u00e8mes qui peuvent survenir au cours de ces v\u00e9rifications. Nous sommes fiers d&rsquo;offrir un service efficace, abordable et complet, et nous prenons soin des biens de nos clients comme s&rsquo;il s&rsquo;agissait des n\u00f4tres. Nous effectuons personnellement tous les contr\u00f4les et la gestion des biens et ne sous-traitons pas nos services \u00e0 d&rsquo;autres prestataires.    <\/p>\n\n\n\n<p>Que vous soyez propri\u00e9taire d&rsquo;un petit appartement en ville ou d&rsquo;une grande maison de ma\u00eetre \u00e0 la campagne, les propri\u00e9t\u00e9s laiss\u00e9es vacantes et non contr\u00f4l\u00e9es sont potentiellement plus expos\u00e9es aux probl\u00e8mes. De nombreux propri\u00e9taires comptent sur leurs voisins, leurs amis ou des prestataires de services tels que leur jardinier ou leur femme de m\u00e9nage pour \u00ab\u00a0garder un \u0153il\u00a0\u00bb sur leur propri\u00e9t\u00e9, mais cela n&rsquo;inclut souvent pas des contr\u00f4les complets ou r\u00e9guliers, et ces derniers peuvent ne pas \u00eatre enregistr\u00e9s ou assur\u00e9s de mani\u00e8re appropri\u00e9e pour offrir ce service. De nombreux propri\u00e9taires ne se rendent pas compte que les biens vacants doivent \u00eatre contr\u00f4l\u00e9s r\u00e9guli\u00e8rement pour \u00eatre en conformit\u00e9 avec leur assurance immobili\u00e8re, et de nombreux assureurs n&rsquo;acceptent que la preuve des contr\u00f4les effectu\u00e9s par une soci\u00e9t\u00e9 professionnelle enregistr\u00e9e en cas de sinistre. Pour en savoir plus sur les avantages d&rsquo;un service de gardiennage professionnel, <a href=\"https:\/\/bespokelivingperigord.com\/why-choose-us\/\" data-type=\"page\" data-id=\"19\">cliquez ici<\/a>.   <\/p>\n\n\n\n<p><strong>Pour l&rsquo;instant, nous disposons d&rsquo;un nombre limit\u00e9 de places pour notre service de garde de cl\u00e9s, qui peut comprendre les \u00e9l\u00e9ments suivants, selon vos besoins individuels :<\/strong><\/p>\n<\/div><\/div>\n\n<\/div><\/div><div class=\"kb-row-layout-wrap kb-row-layout-id25_348f5d-14 alignnone wp-block-kadence-rowlayout\"><div class=\"kt-row-column-wrap kt-has-2-columns kt-row-layout-left-golden kt-tab-layout-inherit kt-mobile-layout-row kt-row-valign-top\">\n\n<div class=\"wp-block-kadence-column kadence-column25_fbd5eb-5c\"><div class=\"kt-inside-inner-col\">\n<h2 class=\"kt-adv-heading25_e56e67-7c wp-block-kadence-advancedheading\" data-kb-block=\"kb-adv-heading25_e56e67-7c\">Visites r\u00e9guli\u00e8res des propri\u00e9t\u00e9s<\/h2>\n\n\n\n<p style=\"margin-top:0px;margin-bottom:12px\">Qu&rsquo;il s&rsquo;agisse d&rsquo;une maison de vacances, d&rsquo;un logement vacant en raison de travaux de r\u00e9novation ou d&rsquo;une vente, nos contrats de gardiennage offrent \u00e0 nos clients la tranquillit\u00e9 d&rsquo;esprit d&rsquo;une visite hebdomadaire, bimensuelle ou mensuelle, avec un contr\u00f4le complet de l&rsquo;int\u00e9rieur et de l&rsquo;ext\u00e9rieur de la propri\u00e9t\u00e9. Cela nous permet de nous assurer que le bien est s\u00e9curis\u00e9 et en bon \u00e9tat, qu&rsquo;il n&rsquo;y a pas d&rsquo;infestation de parasites, de d\u00e9g\u00e2ts dus aux intemp\u00e9ries et qu&rsquo;il n&rsquo;est victime d&rsquo;aucun autre type de dommage ou d&rsquo;incident. Nous proposons des visites r\u00e9guli\u00e8res sur une base contractuelle de 3, 6 ou 12 mois, et maintenons une excellente communication avec nos clients.  <\/p>\n<\/div><\/div>\n\n\n\n<div class=\"wp-block-kadence-column kadence-column25_13992d-b8\"><div class=\"kt-inside-inner-col\"><\/div><\/div>\n\n<\/div><\/div><div class=\"kb-row-layout-wrap kb-row-layout-id25_eba6a0-06 alignnone has-custom-gray-background-color kt-row-has-bg wp-block-kadence-rowlayout\"><div class=\"kt-row-column-wrap kt-has-2-columns kt-row-layout-left-golden kt-tab-layout-inherit kt-mobile-layout-row kt-row-valign-top\">\n\n<div class=\"wp-block-kadence-column kadence-column25_717648-22\"><div class=\"kt-inside-inner-col\"><\/div><\/div>\n\n\n\n<div class=\"wp-block-kadence-column kadence-column25_29ece0-f0\"><div class=\"kt-inside-inner-col\">\n<h2 class=\"kt-adv-heading25_eade7e-33 wp-block-kadence-advancedheading\" data-kb-block=\"kb-adv-heading25_eade7e-33\">Relev\u00e9s de compteurs<\/h2>\n\n\n\n<p style=\"margin-top:0px;margin-bottom:12px\">Au cours de nos visites, incluses dans notre contrat, nous pouvons effectuer des relev\u00e9s de compteurs pour vous. Il arrive que les compteurs de gaz, d&rsquo;\u00e9lectricit\u00e9 ou d&rsquo;eau soient situ\u00e9s loin de l&rsquo;acc\u00e8s public, par exemple \u00e0 l&rsquo;int\u00e9rieur d&rsquo;une propri\u00e9t\u00e9, et que le relev\u00e9 doive \u00eatre effectu\u00e9 par quelqu&rsquo;un qui y a acc\u00e8s, ou qu&rsquo;il faille prendre rendez-vous avec le fournisseur pour qu&rsquo;il effectue lui-m\u00eame le relev\u00e9. <a href=\"https:\/\/bespokelivingperigord.com\/our-services\/property-management-maintenance\/\" data-type=\"page\" data-id=\"27\">Nous pouvons \u00e9galement vous aider \u00e0 organiser et \u00e0 assister aux mises \u00e0 niveau et aux \u00e9changes de compteurs &#8211; tels que les compteurs LINKY &#8211; ou \u00e0 l&rsquo;installation de services publics tels que la fibre optique.<\/a> <br\/><\/p>\n<\/div><\/div>\n\n<\/div><\/div><div class=\"kb-row-layout-wrap kb-row-layout-id25_1b7f74-34 alignnone wp-block-kadence-rowlayout\"><div class=\"kt-row-column-wrap kt-has-2-columns kt-row-layout-left-golden kt-tab-layout-inherit kt-mobile-layout-row kt-row-valign-top\">\n\n<div class=\"wp-block-kadence-column kadence-column25_5b6610-f1\"><div class=\"kt-inside-inner-col\">\n<h2 class=\"kt-adv-heading25_d79047-ab wp-block-kadence-advancedheading\" data-kb-block=\"kb-adv-heading25_d79047-ab\">Collecte et acheminement du courrier<\/h2>\n\n\n\n<p style=\"margin-top:0px;margin-bottom:12px\">Au cours de nos visites, incluses dans notre contrat, nous pouvons nous charger de la collecte et de l&rsquo;exp\u00e9dition du courrier, ainsi que de la notification de toute action requise (telle que l&rsquo;argent d\u00fb ou la traduction d&rsquo;informations contenues dans le document). En tant que d\u00e9tenteurs du casier judiciaire et d&rsquo;une v\u00e9rification de 10 ans de l&rsquo;ACRO UK Police, vous pouvez \u00eatre assur\u00e9s que vos informations confidentielles restent telles quelles. Nous proposons \u00e9galement des services administratifs pour ceux qui ont besoin d&rsquo;aide pour g\u00e9rer leurs factures, communiquer avec des organismes officiels, traduire ou cr\u00e9er des documents.  <br\/><\/p>\n<\/div><\/div>\n\n\n\n<div class=\"wp-block-kadence-column kadence-column25_a5483e-9c\"><div class=\"kt-inside-inner-col\"><\/div><\/div>\n\n<\/div><\/div><div class=\"kb-row-layout-wrap kb-row-layout-id25_bf4dab-46 alignnone has-custom-gray-background-color kt-row-has-bg wp-block-kadence-rowlayout\"><div class=\"kt-row-column-wrap kt-has-2-columns kt-row-layout-left-golden kt-tab-layout-inherit kt-mobile-layout-row kt-row-valign-top\">\n\n<div class=\"wp-block-kadence-column kadence-column25_6a07b5-5f\"><div class=\"kt-inside-inner-col\"><\/div><\/div>\n\n\n\n<div class=\"wp-block-kadence-column kadence-column25_322da3-c0\"><div class=\"kt-inside-inner-col\">\n<h2 class=\"kt-adv-heading25_744c41-4e wp-block-kadence-advancedheading\" data-kb-block=\"kb-adv-heading25_744c41-4e\">Surveillance \u00e0 distance des biens immobiliers<\/h2>\n\n\n\n<p style=\"margin-top:0px;margin-bottom:12px\">Pour les propri\u00e9t\u00e9s \u00e9quip\u00e9es de syst\u00e8mes de vid\u00e9osurveillance, de d\u00e9tection de mouvement ou d&rsquo;incendie, ou encore de commandes de chauffage \u00e0 distance, nous pouvons vous assister dans la gestion et la surveillance de ces syst\u00e8mes, et agir en tant que contact d&rsquo;urgence pour la propri\u00e9t\u00e9 en cas de probl\u00e8me. Nous pouvons \u00e9galement v\u00e9rifier le bon fonctionnement des syst\u00e8mes, tels que les connexions Internet op\u00e9rationnelles ou l&#8217;emplacement et l&rsquo;entretien corrects des \u00e9quipements, au cours de nos visites. <br\/><\/p>\n<\/div><\/div>\n\n<\/div><\/div><div class=\"kb-row-layout-wrap kb-row-layout-id25_a0e525-0f alignnone wp-block-kadence-rowlayout\"><div class=\"kt-row-column-wrap kt-has-2-columns kt-row-layout-left-golden kt-tab-layout-inherit kt-mobile-layout-row kt-row-valign-top\">\n\n<div class=\"wp-block-kadence-column kadence-column25_46d897-37\"><div class=\"kt-inside-inner-col\">\n<h2 class=\"kt-adv-heading25_441061-72 wp-block-kadence-advancedheading\" data-kb-block=\"kb-adv-heading25_441061-72\">Point de contact local<\/h2>\n\n\n\n<p style=\"margin-top:0px;margin-bottom:12px\">En plus de d\u00e9tenir les cl\u00e9s de la propri\u00e9t\u00e9, nous pouvons \u00e9galement \u00eatre le point de contact local pour nos clients. Nous pouvons ainsi les tenir au courant des informations pertinentes concernant leur commune, \u00eatre le point de contact pour les services publics, les commer\u00e7ants ou les prestataires de services, ou encore \u00eatre le contact d&rsquo;urgence en cas de probl\u00e8me dans la propri\u00e9t\u00e9. Parlant l&rsquo;anglais et le fran\u00e7ais, cela nous permet de traiter rapidement et professionnellement tous les types de situations, et nous r\u00e9pondons toujours aux appels, aux messages et aux courriels dans un d\u00e9lai court, si ce n&rsquo;est imm\u00e9diatement !  <br\/><\/p>\n<\/div><\/div>\n\n\n\n<div class=\"wp-block-kadence-column kadence-column25_dae3dc-9a\"><div class=\"kt-inside-inner-col\"><\/div><\/div>\n\n<\/div><\/div><div class=\"kb-row-layout-wrap kb-row-layout-id25_46bc5a-a0 alignnone has-custom-gray-background-color kt-row-has-bg wp-block-kadence-rowlayout\"><div class=\"kt-row-column-wrap kt-has-2-columns kt-row-layout-left-golden kt-tab-layout-inherit kt-mobile-layout-row kt-row-valign-top\">\n\n<div class=\"wp-block-kadence-column kadence-column25_865aee-fa\"><div class=\"kt-inside-inner-col\"><\/div><\/div>\n\n\n\n<div class=\"wp-block-kadence-column kadence-column25_b4d917-11\"><div class=\"kt-inside-inner-col\">\n<h2 class=\"kt-adv-heading25_75b724-d0 wp-block-kadence-advancedheading\" data-kb-block=\"kb-adv-heading25_75b724-d0\">Contr\u00f4les de location<\/h2>\n\n\n\n<p style=\"margin-top:0px;margin-bottom:12px\">Si vous louez votre propri\u00e9t\u00e9 \u00e0 long terme, nous pouvons vous aider \u00e0 effectuer les contr\u00f4les de la propri\u00e9t\u00e9 selon les termes de votre contrat de location. Il peut s&rsquo;agir de contr\u00f4les ponctuels ou de contr\u00f4les pr\u00e9\u00e9tablis des biens, d&rsquo;inventaires et de rapports d&rsquo;inspection des biens, de contr\u00f4les de fin de location, ainsi que d&rsquo;un point de contact pour les locataires en cas de probl\u00e8me avec le bien. Veuillez noter que ces services ne concernent que les locations \u00e0 long terme et que nous ne fournissons pas de services pour les locations de vacances commerciales telles que les g\u00eetes.  <br\/><\/p>\n<\/div><\/div>\n\n<\/div><\/div><div class=\"kb-row-layout-wrap kb-row-layout-id25_d0e3c1-42 alignnone wp-block-kadence-rowlayout\"><div class=\"kt-row-column-wrap kt-has-2-columns kt-row-layout-left-golden kt-tab-layout-inherit kt-mobile-layout-row kt-row-valign-top\">\n\n<div class=\"wp-block-kadence-column kadence-column25_b75afe-fe\"><div class=\"kt-inside-inner-col\">\n<h2 class=\"kt-adv-heading25_64b53d-c0 wp-block-kadence-advancedheading\" data-kb-block=\"kb-adv-heading25_64b53d-c0\">Conciergerie et conseils<\/h2>\n\n\n\n<p style=\"margin-top:0px;margin-bottom:12px\">Notre objectif est d&rsquo;aider nos clients d\u00e9tenteurs de cl\u00e9s \u00e0 r\u00e9gler tous les aspects de leur propri\u00e9t\u00e9, ou de les assister si n\u00e9cessaire pendant leur s\u00e9jour en France. Si vous avez besoin d&rsquo;une assistance quelconque, nous sommes heureux de vous aider. Il peut s&rsquo;agir de trouver des informations locales, de vous aider \u00e0 trouver des produits et des mat\u00e9riaux, de faire des achats, de r\u00e9server des restaurants ou de vous indiquer la bonne direction pour obtenir des informations. Nous disposons d&rsquo;un niveau de communication exceptionnel et sommes disponibles 7 jours sur 7. Si vous avez besoin d&rsquo;un peu plus d&rsquo;aide, nous proposons des <a href=\"https:\/\/bespokelivingperigord.com\/our-services\/property-management-maintenance\/\" data-type=\"page\" data-id=\"27\">services administratifs<\/a> pour vous aider dans tous les aspects de la gestion de votre propri\u00e9t\u00e9 et de votre vie en France.    <br\/><\/p>\n<\/div><\/div>\n\n\n\n<div class=\"wp-block-kadence-column kadence-column25_c52480-ac\"><div class=\"kt-inside-inner-col\"><\/div><\/div>\n\n<\/div><\/div><div class=\"kb-row-layout-wrap kb-row-layout-id25_36eb7c-d6 alignnone has-custom-gray-background-color kt-row-has-bg wp-block-kadence-rowlayout\"><div class=\"kt-row-column-wrap kt-has-2-columns kt-row-layout-left-golden kt-tab-layout-inherit kt-mobile-layout-row kt-row-valign-top\">\n\n<div class=\"wp-block-kadence-column kadence-column25_5bd388-5d\"><div class=\"kt-inside-inner-col\"><\/div><\/div>\n\n\n\n<div class=\"wp-block-kadence-column kadence-column25_beb072-02\"><div class=\"kt-inside-inner-col\">\n<h2 class=\"kt-adv-heading25_ffade3-3a wp-block-kadence-advancedheading\" data-kb-block=\"kb-adv-heading25_ffade3-3a\">Propri\u00e9t\u00e9s vacantes et \u00e0 vendre<\/h2>\n\n\n\n<p style=\"margin-top:0px;margin-bottom:12px\">M\u00eame si votre bien est vacant ou vide, par exemple s&rsquo;il est en cours de r\u00e9novation ou \u00e0 vendre, nous vous recommandons de conclure un contrat de gardiennage afin de vous assurer que vous \u00eates en conformit\u00e9 avec les r\u00e8gles de l&rsquo;assurance. C&rsquo;est d&rsquo;autant plus vrai si des mat\u00e9riaux et des outils sont conserv\u00e9s sur place et que le bien est visiblement \u00e0 vendre ou fait l&rsquo;objet de travaux. Si votre bien est \u00e0 vendre, nous proposons \u00e9galement une <a href=\"https:\/\/bespokelivingperigord.com\/our-services\/property-sales-purchases\/\" data-type=\"page\" data-id=\"29\">gamme de services pour vous aider \u00e0 vendre votre bien<\/a>, en tant que point de contact local et pour aider le processus \u00e0 se d\u00e9rouler en douceur.  <br\/><\/p>\n<\/div><\/div>\n\n<\/div><\/div><div class=\"kb-row-layout-wrap kb-row-layout-id25_d3aecf-c2 alignnone wp-block-kadence-rowlayout\"><div class=\"kt-row-column-wrap kt-has-2-columns kt-row-layout-left-golden kt-tab-layout-inherit kt-mobile-layout-row kt-row-valign-top\">\n\n<div class=\"wp-block-kadence-column kadence-column25_e88dfe-7b\"><div class=\"kt-inside-inner-col\">\n<h2 class=\"kt-adv-heading25_6b37d7-bd wp-block-kadence-advancedheading\" data-kb-block=\"kb-adv-heading25_6b37d7-bd\">G\u00eetes et locations de vacances<\/h2>\n\n\n\n<p style=\"margin-top:0px;margin-bottom:12px\">Si vous avez une propri\u00e9t\u00e9 que vous louez pour les vacances, comme un g\u00eete, nous vous recommandons vivement de faire appel \u00e0 un d\u00e9tenteur de cl\u00e9s pour la gestion de votre propri\u00e9t\u00e9 pendant les p\u00e9riodes o\u00f9 elle est inoccup\u00e9e, par exemple pendant les mois d&rsquo;hiver. Bien que nous n&rsquo;offrions aucun des services r\u00e9guliers, tels que l&rsquo;entretien de la piscine, l&rsquo;entretien du jardin ou les changements pour faciliter les locations, nous pouvons nous assurer que la propri\u00e9t\u00e9 reste <a href=\"https:\/\/www.bespokelivingperigord.com\/property-management-maintenance\/\">bien <\/a><a href=\"https:\/\/bespokelivingperigord.com\/our-services\/property-management-maintenance\/\" data-type=\"page\" data-id=\"27\">entretenue<\/a><a href=\"https:\/\/www.bespokelivingperigord.com\/property-management-maintenance\/\"> et conforme<\/a>, qu&rsquo;elle est v\u00e9rifi\u00e9e pendant les p\u00e9riodes d&rsquo;inoccupation et, si n\u00e9cessaire, superviser les autres prestataires de services. En tant que propri\u00e9taires exp\u00e9riment\u00e9s de logements de vacances class\u00e9s, nous pouvons \u00e9galement vous assister dans les aspects administratifs de votre activit\u00e9 de location et de votre propri\u00e9t\u00e9, y compris l&rsquo;obtention des autorisations n\u00e9cessaires, la demande d&rsquo;accr\u00e9ditation pour votre propri\u00e9t\u00e9 ou la cr\u00e9ation de documents pour les clients.  <br\/><\/p>\n<\/div><\/div>\n\n\n\n<div class=\"wp-block-kadence-column kadence-column25_30277e-2a\"><div class=\"kt-inside-inner-col\"><\/div><\/div>\n\n<\/div><\/div><div class=\"kb-row-layout-wrap kb-row-layout-id25_1c1058-6c alignnone has-custom-gray-background-color kt-row-has-bg wp-block-kadence-rowlayout\"><div class=\"kt-row-column-wrap kt-has-2-columns kt-row-layout-left-golden kt-tab-layout-inherit kt-mobile-layout-row kt-row-valign-top\">\n\n<div class=\"wp-block-kadence-column kadence-column25_6d27c1-21\"><div class=\"kt-inside-inner-col\"><\/div><\/div>\n\n\n\n<div class=\"wp-block-kadence-column kadence-column25_0667c0-f1\"><div class=\"kt-inside-inner-col\">\n<h2 class=\"kt-adv-heading25_e2c40f-a6 wp-block-kadence-advancedheading\" data-kb-block=\"kb-adv-heading25_e2c40f-a6\">Services compl\u00e9mentaires<\/h2>\n\n\n\n<p style=\"margin-top:0px;margin-bottom:12px\">En plus de nos forfaits de base pour la garde des cl\u00e9s, nous proposons \u00e9galement une large <a href=\"https:\/\/www.bespokelivingperigord.com\/property-management-maintenance\/\">gamme <\/a><a href=\"https:\/\/bespokelivingperigord.com\/our-services\/property-management-maintenance\/\" data-type=\"page\" data-id=\"27\">de<\/a><a href=\"https:\/\/www.bespokelivingperigord.com\/property-management-maintenance\/\"> services pour vous aider \u00e0 entretenir et \u00e0 g\u00e9rer votre<\/a> propri\u00e9t\u00e9, et pour vous permettre d&rsquo;avoir l&rsquo;esprit tranquille en sachant que les t\u00e2ches n\u00e9cessaires sont entreprises pour garantir que votre propri\u00e9t\u00e9 est conforme et bien entretenue pendant vos absences. Ces services sont disponibles sur une base ad-hoc ou r\u00e9guli\u00e8re pour les clients contractuels et non contractuels. <br\/><\/p>\n<\/div><\/div>\n\n<\/div><\/div><div class=\"kb-row-layout-wrap kb-row-layout-id25_5a51bf-86 alignnone wp-block-kadence-rowlayout\"><div class=\"kt-row-column-wrap kt-has-1-columns kt-row-layout-equal kt-tab-layout-inherit kt-mobile-layout-row kt-row-valign-top\">\n\n<div class=\"wp-block-kadence-column kadence-column25_0329de-ae\"><div class=\"kt-inside-inner-col\">\n<h2 class=\"kt-adv-heading25_c095b3-00 wp-block-kadence-advancedheading\" data-kb-block=\"kb-adv-heading25_c095b3-00\">Nos services vous int\u00e9ressent ?<\/h2>\n\n\n\n<p><strong>Les services \u00e9num\u00e9r\u00e9s ici ne sont pas exhaustifs, et nous pouvons vous assister dans tous les aspects de la gestion pratique ou administrative de votre propri\u00e9t\u00e9.<\/strong><\/p>\n\n\n\n<p>Veuillez noter que nous ne travaillons que pour des r\u00e9sidences priv\u00e9es et que nous n&rsquo;effectuons aucun travail en rapport avec des locations commerciales telles que des locations de vacances ou des g\u00eetes.  <\/p>\n\n\n\n<p>Si vous souhaitez obtenir plus d&rsquo;informations sur les services que nous proposons, n&rsquo;h\u00e9sitez pas \u00e0 nous contacter pour en discuter plus en d\u00e9tail.<\/p>\n\n\n\n<div class=\"wp-block-kadence-advancedbtn kb-buttons-wrap kb-btns25_14ebb6-36\"><a class=\"kb-button kt-button button kb-btn25_1c236d-61 kt-btn-size-standard kt-btn-width-type-auto kb-btn-global-inherit kt-btn-has-text-true kt-btn-has-svg-false wp-block-button__link wp-block-kadence-singlebtn\" href=\"https:\/\/bespokelivingperigord.com\/fr\/contact\/\"><span class=\"kt-btn-inner-text\">Contactez nous<\/span><\/a><\/div>\n<\/div><\/div>\n\n<\/div><\/div>","protected":false},"excerpt":{"rendered":"<p>Gardien de cl\u00e9s et concierge professionnel En tant que propri\u00e9taire d&rsquo;un bien immobilier en France, il peut arriver que votre propri\u00e9t\u00e9 soit laiss\u00e9e vacante. Que vous ayez une maison de vacances en France, une propri\u00e9t\u00e9 que vous \u00eates en train de r\u00e9nover, ou une propri\u00e9t\u00e9 que vous louez \u00e0 long terme, nous adaptons nos services [&hellip;]<\/p>\n","protected":false},"author":1,"featured_media":0,"parent":830,"menu_order":0,"comment_status":"closed","ping_status":"closed","template":"","meta":{"footnotes":""},"class_list":["post-849","page","type-page","status-publish","hentry"],"_links":{"self":[{"href":"https:\/\/bespokelivingperigord.com\/fr\/wp-json\/wp\/v2\/pages\/849","targetHints":{"allow":["GET"]}}],"collection":[{"href":"https:\/\/bespokelivingperigord.com\/fr\/wp-json\/wp\/v2\/pages"}],"about":[{"href":"https:\/\/bespokelivingperigord.com\/fr\/wp-json\/wp\/v2\/types\/page"}],"author":[{"embeddable":true,"href":"https:\/\/bespokelivingperigord.com\/fr\/wp-json\/wp\/v2\/users\/1"}],"replies":[{"embeddable":true,"href":"https:\/\/bespokelivingperigord.com\/fr\/wp-json\/wp\/v2\/comments?post=849"}],"version-history":[{"count":1,"href":"https:\/\/bespokelivingperigord.com\/fr\/wp-json\/wp\/v2\/pages\/849\/revisions"}],"predecessor-version":[{"id":850,"href":"https:\/\/bespokelivingperigord.com\/fr\/wp-json\/wp\/v2\/pages\/849\/revisions\/850"}],"up":[{"embeddable":true,"href":"https:\/\/bespokelivingperigord.com\/fr\/wp-json\/wp\/v2\/pages\/830"}],"wp:attachment":[{"href":"https:\/\/bespokelivingperigord.com\/fr\/wp-json\/wp\/v2\/media?parent=849"}],"curies":[{"name":"wp","href":"https:\/\/api.w.org\/{rel}","templated":true}]}}