{"id":842,"date":"2024-11-14T15:17:55","date_gmt":"2024-11-14T15:17:55","guid":{"rendered":"https:\/\/bespokelivingperigord.com\/politique-de-confidentialite\/"},"modified":"2025-02-03T09:31:34","modified_gmt":"2025-02-03T09:31:34","slug":"politique-de-confidentialite","status":"publish","type":"page","link":"https:\/\/bespokelivingperigord.com\/fr\/politique-de-confidentialite\/","title":{"rendered":"Politique de confidentialit\u00e9"},"content":{"rendered":"<div class=\"kb-row-layout-wrap kb-row-layout-id3_a9acb1-3c alignnone wp-block-kadence-rowlayout\"><div class=\"kt-row-column-wrap kt-has-1-columns kt-row-layout-equal kt-tab-layout-inherit kt-mobile-layout-row kt-row-valign-top kb-theme-content-width\">\n\n<div class=\"wp-block-kadence-column kadence-column3_99692f-f9\"><div class=\"kt-inside-inner-col\">\n<h3 class=\"kt-adv-heading3_bc483d-88 wp-block-kadence-advancedheading\" data-kb-block=\"kb-adv-heading3_bc483d-88\"><strong>Introduction<\/strong><\/h3>\n\n\n\n<p>Notre politique de confidentialit\u00e9 vous aidera \u00e0 comprendre quelles informations nous collectons et traitons en utilisant ce site Internet Bespoke Living Perigord, comment nous les utilisons et quels choix vous avez concernant vos donn\u00e9es personnelles.<\/p>\n\n\n\n<p>Lorsque nous faisons r\u00e9f\u00e9rence \u00e0 \u00a0\u00bb Bespoke Living Perigord \u00a0\u00bb dans cette politique de confidentialit\u00e9, nous faisons r\u00e9f\u00e9rence \u00e0 Bespoke Living Perigord de Maisonnais sur Tardoire 87440, Haute Vienne (87), Perigord Vert, France, le partenariat qui fournit ce site web, et tous les services ou fonctionnalit\u00e9s qui peuvent \u00eatre mis \u00e0 votre disposition \u00e0 partir de ce site web.<\/p>\n\n\n\n<h3 class=\"kt-adv-heading3_63c87f-22 wp-block-kadence-advancedheading\" data-kb-block=\"kb-adv-heading3_63c87f-22\"><strong>1. Donn\u00e9es sur les clients et les citoyens<\/strong><\/h3>\n\n\n\n<p>Vous pouvez d\u00e9cider de nous envoyer vos donn\u00e9es personnelles par l&rsquo;interm\u00e9diaire de ce site web si vous souhaitez obtenir de plus amples informations, ou pour d&rsquo;autres raisons similaires. Votre d\u00e9cision de divulguer vos donn\u00e9es personnelles est enti\u00e8rement volontaire et, ce faisant, vous nous donnez votre consentement sp\u00e9cifique pour utiliser vos donn\u00e9es personnelles uniquement aux fins pour lesquelles vous nous les avez divulgu\u00e9es. <\/p>\n\n\n\n<p>Bespoke Living Perigord peut acc\u00e9der \u00e0 vos donn\u00e9es client et les utiliser uniquement aux fins pour lesquelles vous nous les avez soumises pour (a) vous fournir des informations, (b) prendre contact avec vous, (c) vous fournir des services, ou (d) maintenir les op\u00e9rations et la s\u00e9curit\u00e9 du site web et des services que nous vous fournissons. Nous n&rsquo;utiliserons pas vos informations personnelles \u00e0 d&rsquo;autres fins, par exemple pour la communication de mat\u00e9riel de marketing, \u00e0 moins d&rsquo;avoir obtenu votre consentement sp\u00e9cifique \u00e0 cet effet.     <\/p>\n\n\n\n<p>Nous traiterons et stockerons \u00e0 tout moment vos donn\u00e9es personnelles conform\u00e9ment aux meilleures pratiques du secteur, align\u00e9es sur la norme ISO27001, la norme internationale en mati\u00e8re de s\u00e9curit\u00e9 de l&rsquo;information. Cela inclut les activit\u00e9s et les proc\u00e9dures entreprises par notre propre personnel et les contr\u00f4les techniques que nous avons mis en \u0153uvre pour emp\u00eacher l&rsquo;acc\u00e8s non autoris\u00e9, la compromission ou le vol d&rsquo;informations dans nos applications, nos syst\u00e8mes informatiques et nos locaux. <\/p>\n\n\n\n<h3 class=\"kt-adv-heading3_238e1d-cf wp-block-kadence-advancedheading\" data-kb-block=\"kb-adv-heading3_238e1d-cf\"><strong>2. Donn\u00e9es personnelles sensibles<\/strong><\/h3>\n\n\n\n<p>Le GDPR sp\u00e9cifie un ensemble de cat\u00e9gories de donn\u00e9es personnelles qui sont consid\u00e9r\u00e9es comme \u00ab\u00a0sensibles\u00a0\u00bb et qui requi\u00e8rent une attention particuli\u00e8re de la part des responsables du traitement des donn\u00e9es. Ce site web et tous les services disponibles \u00e0 partir de ce site web ne collectent ni ne traitent sciemment aucune donn\u00e9e personnelle sensible, et les \u00e9valuations d&rsquo;impact sur la vie priv\u00e9e (\u00e9galement connues sous le nom d&rsquo;\u00e9valuations d&rsquo;impact sur la protection des donn\u00e9es dans le cadre du GDPR) sont disponibles sur demande aupr\u00e8s du d\u00e9l\u00e9gu\u00e9 \u00e0 la protection des donn\u00e9es de Bespoke Living Perigord (voir section 8). <\/p>\n\n\n\n<h3 class=\"kt-adv-heading3_c358a4-11 wp-block-kadence-advancedheading\" data-kb-block=\"kb-adv-heading3_c358a4-11\"><strong>3. Donn\u00e9es personnelles des enfants<\/strong><\/h3>\n\n\n\n<p>Si vous apprenez qu&rsquo;un enfant de moins de 13 ans nous a fourni ses informations personnelles sans le consentement de ses parents, veuillez contacter imm\u00e9diatement le d\u00e9l\u00e9gu\u00e9 \u00e0 la protection des donn\u00e9es de Bespoke Living Perigord (voir section 9) afin que nous puissions prendre les mesures qui s&rsquo;imposent. <\/p>\n\n\n\n<h3 class=\"kt-adv-heading3_d9d5f3-4c wp-block-kadence-advancedheading\" data-kb-block=\"kb-adv-heading3_d9d5f3-4c\"><strong>4. Droits des clients et des citoyens en mati\u00e8re de donn\u00e9es<\/strong><\/h3>\n\n\n\n<p>Conform\u00e9ment \u00e0 la r\u00e9glementation sur la protection des donn\u00e9es, vous disposez de plusieurs droits li\u00e9s \u00e0 la fourniture de vos donn\u00e9es personnelles \u00e0 Bespoke Living Perigord par l&rsquo;interm\u00e9diaire de ce site web. Vous avez notamment le droit de demander \u00e0 Bespoke Living Perigord : <\/p>\n\n\n\n<ul class=\"wp-block-list\">\n<li>vous confirme les donn\u00e9es \u00e0 caract\u00e8re personnel qu&rsquo;il peut d\u00e9tenir \u00e0 votre sujet, le cas \u00e9ch\u00e9ant, et \u00e0 quelles fins<\/li>\n\n\n\n<li>modifie le consentement que vous avez donn\u00e9 en ce qui concerne vos donn\u00e9es \u00e0 caract\u00e8re personnel<\/li>\n\n\n\n<li>corrige les donn\u00e9es personnelles inexactes ou incompl\u00e8tes qui peuvent \u00eatre d\u00e9tenues \u00e0 votre sujet<\/li>\n\n\n\n<li>vous fournit une copie compl\u00e8te de vos donn\u00e9es \u00e0 caract\u00e8re personnel afin que vous puissiez les transf\u00e9rer ailleurs<\/li>\n\n\n\n<li>cesse de traiter vos donn\u00e9es \u00e0 caract\u00e8re personnel pendant qu&rsquo;une objection de votre part est en cours de r\u00e9solution<\/li>\n\n\n\n<li>efface d\u00e9finitivement et rapidement toutes vos donn\u00e9es \u00e0 caract\u00e8re personnel et vous confirme qu&rsquo;elle l&rsquo;a fait (il peut y avoir des raisons pour lesquelles nous ne sommes pas en mesure de le faire)<\/li>\n<\/ul>\n\n\n\n<p>Pour contacter Bespoke Living Perigord, veuillez consulter la section 8 ci-dessous.<\/p>\n\n\n\n<h3 class=\"kt-adv-heading3_6c5e9c-e6 wp-block-kadence-advancedheading\" data-kb-block=\"kb-adv-heading3_6c5e9c-e6\"><strong>5. Cookies du site web<\/strong><\/h3>\n\n\n\n<p>Ce site web utilise des cookies pour enregistrer des donn\u00e9es de connexion. Nous utilisons \u00e0 la fois des cookies de session et des cookies persistants, en fonction de la mani\u00e8re dont vous utilisez ou interagissez avec ce site web. <\/p>\n\n\n\n<p>Les cookies sont de petits fichiers texte que nous envoyons \u00e0 votre ordinateur, ou que votre ordinateur ou votre appareil mobile nous envoie chaque fois que vous visitez notre site web. Ils sont propres \u00e0 vous ou \u00e0 votre navigateur web. Les cookies de session ne durent que pendant que votre navigateur est ouvert et sont automatiquement supprim\u00e9s lorsque vous fermez votre navigateur. Les cookies persistants durent jusqu&rsquo;\u00e0 ce que vous ou votre navigateur les supprimiez, ou jusqu&rsquo;\u00e0 ce qu&rsquo;ils expirent.   <\/p>\n\n\n\n<p>Nous utilisons des cookies qui ne sont pas sp\u00e9cifiques \u00e0 votre compte mais qui sont uniques et nous permettent d&rsquo;effectuer des analyses et des personnalisations du site web, entre autres choses similaires. Si vous d\u00e9cidez de d\u00e9sactiver tout ou partie des cookies, il se peut que vous ne puissiez pas utiliser certaines fonctions de notre site web. Nous pouvons utiliser des cookies de tiers, par exemple Google Analytics, et vous pouvez choisir de d\u00e9sactiver les cookies de tiers \u00e0 partir de leur site web.  <\/p>\n\n\n\n<h3 class=\"kt-adv-heading3_f82871-91 wp-block-kadence-advancedheading\" data-kb-block=\"kb-adv-heading3_f82871-91\"><strong>6. Liens externes<\/strong><\/h3>\n\n\n\n<p>Ce site web peut inclure des hyperliens pertinents vers des sites web externes non contr\u00f4l\u00e9s par Bespoke Living Perigord. Bien que toutes les pr\u00e9cautions raisonnables aient \u00e9t\u00e9 prises lors de la s\u00e9lection et de la fourniture de ces liens, il vous est conseill\u00e9 de faire preuve de prudence avant de cliquer sur un lien externe. Nous ne pouvons pas garantir l&rsquo;ad\u00e9quation permanente des liens externes, ni v\u00e9rifier continuellement la s\u00fbret\u00e9 ou la s\u00e9curit\u00e9 du contenu qui peut vous \u00eatre fourni. Nous vous informons donc que vous utilisez les liens externes \u00e0 vos risques et p\u00e9rils et que nous ne pouvons \u00eatre tenus responsables des dommages ou cons\u00e9quences caus\u00e9s par leur utilisation.   <\/p>\n\n\n\n<h3 class=\"kt-adv-heading3_d769c2-6f wp-block-kadence-advancedheading\" data-kb-block=\"kb-adv-heading3_d769c2-6f\"><strong>7. Modifications de la pr\u00e9sente politique de protection de la vie priv\u00e9e<\/strong><\/h3>\n\n\n\n<p>Nous pouvons modifier cette politique de confidentialit\u00e9 de Bespoke Living Perigord de temps \u00e0 autre, et si nous le faisons, nous publierons les changements sur cette page. Si vous continuez \u00e0 acc\u00e9der \u00e0 ce site web ou \u00e0 utiliser les services disponibles sur ce site web apr\u00e8s l&rsquo;entr\u00e9e en vigueur de ces modifications, vous aurez accept\u00e9 la politique r\u00e9vis\u00e9e. <\/p>\n\n\n\n<h3 class=\"kt-adv-heading3_238b27-bc wp-block-kadence-advancedheading\" data-kb-block=\"kb-adv-heading3_238b27-bc\"><strong>8. Contacter Bespoke Living Perigord<\/strong><\/h3>\n\n\n\n<p>Si vous avez des questions concernant la pr\u00e9sente politique de confidentialit\u00e9, si vous souhaitez exercer l&rsquo;un de vos droits statutaires ou si vous voulez d\u00e9poser une plainte, veuillez \u00e9crire \u00e0<\/p>\n\n\n\n<p>Bespoke Living Perigord,<br\/>Maisonnais sur Tardoire 87440,<br\/>Haute Vienne (87),<br\/>Perigord Vert,<br\/>France<\/p>\n\n\n\n<p>Courriel : <a href=\"mailto:services@bespokelivingperigord.com\" target=\"_blank\" rel=\"noreferrer noopener\">services@bespokelivingperigord.com<\/a><\/p>\n<\/div><\/div>\n\n<\/div><\/div>","protected":false},"excerpt":{"rendered":"<p>Introduction Notre politique de confidentialit\u00e9 vous aidera \u00e0 comprendre quelles informations nous collectons et traitons en utilisant ce site Internet Bespoke Living Perigord, comment nous les utilisons et quels choix vous avez concernant vos donn\u00e9es personnelles. Lorsque nous faisons r\u00e9f\u00e9rence \u00e0 \u00a0\u00bb Bespoke Living Perigord \u00a0\u00bb dans cette politique de confidentialit\u00e9, nous faisons r\u00e9f\u00e9rence \u00e0 [&hellip;]<\/p>\n","protected":false},"author":1,"featured_media":0,"parent":0,"menu_order":0,"comment_status":"closed","ping_status":"open","template":"","meta":{"footnotes":""},"class_list":["post-842","page","type-page","status-publish","hentry"],"_links":{"self":[{"href":"https:\/\/bespokelivingperigord.com\/fr\/wp-json\/wp\/v2\/pages\/842","targetHints":{"allow":["GET"]}}],"collection":[{"href":"https:\/\/bespokelivingperigord.com\/fr\/wp-json\/wp\/v2\/pages"}],"about":[{"href":"https:\/\/bespokelivingperigord.com\/fr\/wp-json\/wp\/v2\/types\/page"}],"author":[{"embeddable":true,"href":"https:\/\/bespokelivingperigord.com\/fr\/wp-json\/wp\/v2\/users\/1"}],"replies":[{"embeddable":true,"href":"https:\/\/bespokelivingperigord.com\/fr\/wp-json\/wp\/v2\/comments?post=842"}],"version-history":[{"count":1,"href":"https:\/\/bespokelivingperigord.com\/fr\/wp-json\/wp\/v2\/pages\/842\/revisions"}],"predecessor-version":[{"id":844,"href":"https:\/\/bespokelivingperigord.com\/fr\/wp-json\/wp\/v2\/pages\/842\/revisions\/844"}],"wp:attachment":[{"href":"https:\/\/bespokelivingperigord.com\/fr\/wp-json\/wp\/v2\/media?parent=842"}],"curies":[{"name":"wp","href":"https:\/\/api.w.org\/{rel}","templated":true}]}}