{"id":830,"date":"2024-11-25T16:01:04","date_gmt":"2024-11-25T16:01:04","guid":{"rendered":"https:\/\/bespokelivingperigord.com\/nos-services\/"},"modified":"2025-02-18T10:27:23","modified_gmt":"2025-02-18T10:27:23","slug":"nos-services","status":"publish","type":"page","link":"https:\/\/bespokelivingperigord.com\/fr\/nos-services\/","title":{"rendered":"Nos services"},"content":{"rendered":"<div class=\"kb-row-layout-wrap kb-row-layout-id17_20a022-70 alignnone wp-block-kadence-rowlayout\"><div class=\"kt-row-column-wrap kt-has-1-columns kt-row-layout-equal kt-tab-layout-inherit kt-mobile-layout-row kt-row-valign-top\">\n\n<div class=\"wp-block-kadence-column kadence-column17_8d28e9-02\"><div class=\"kt-inside-inner-col\">\n<h2 class=\"kt-adv-heading17_d58de2-3e wp-block-kadence-advancedheading\" data-kb-block=\"kb-adv-heading17_d58de2-3e\">Ce que nous offrons<\/h2>\n\n\n\n<p><strong>Chez Bespoke Living, nous proposons une gamme de services pour vous aider dans tous les aspects de la gestion pratique et administrative de votre maison.<\/strong><\/p>\n\n\n\n<p>Qu&rsquo;il s&rsquo;agisse de vous donner la tranquillit\u00e9 d&rsquo;esprit gr\u00e2ce \u00e0 des contr\u00f4les locaux, de vous aider \u00e0 comprendre et \u00e0 naviguer dans l&rsquo;administration fran\u00e7aise, de vous aider \u00e0 trouver et \u00e0 nommer des artisans pour des projets dans la propri\u00e9t\u00e9, d&rsquo;assister \u00e0 des rendez-vous, de surveiller l&rsquo;entretien de la propri\u00e9t\u00e9, ou de vous aider \u00e0 vendre votre propri\u00e9t\u00e9 en France, nous offrons une large gamme de services, pour lesquels nous sommes <strong>enti\u00e8rement enregistr\u00e9s<\/strong> et <strong>enti\u00e8rement assur\u00e9s<\/strong>.<\/p>\n\n\n\n<p>Vous trouverez plus de d\u00e9tails dans les pages ci-dessous et n&rsquo;h\u00e9sitez pas \u00e0 <a href=\"https:\/\/bespokelivingperigord.com\/fr\/contact\/\" data-type=\"page\" data-id=\"21\">nous contacter<\/a> si vous souhaitez discuter de vos besoins plus en d\u00e9tail.<\/p>\n<\/div><\/div>\n\n<\/div><\/div><div class=\"kb-row-layout-wrap kb-row-layout-id17_ba0fce-2c alignnone full-width wp-block-kadence-rowlayout\"><div class=\"kt-row-column-wrap kt-has-4-columns kt-row-layout-equal kt-tab-layout-inherit kt-mobile-layout-row kt-row-valign-top\">\n\n<div class=\"wp-block-kadence-column kadence-column17_79766d-66 kb-section-has-link\"><div class=\"kt-inside-inner-col\">\n<figure class=\"wp-block-kadence-image kb-image17_c1d767-a6\"><img loading=\"lazy\" decoding=\"async\" width=\"388\" height=\"290\" src=\"https:\/\/bespokelivingperigord.com\/wp-content\/uploads\/2025\/02\/2.jpg\" class=\"kb-img wp-image-551\" srcset=\"https:\/\/bespokelivingperigord.com\/wp-content\/uploads\/2025\/02\/2.jpg 388w, https:\/\/bespokelivingperigord.com\/wp-content\/uploads\/2025\/02\/2-300x224.jpg 300w\" sizes=\"auto, (max-width: 388px) 100vw, 388px\" \/><\/figure>\n\n\n\n<h4 class=\"kt-adv-heading17_34ac48-29 wp-block-kadence-advancedheading\" data-kb-block=\"kb-adv-heading17_34ac48-29\">SERVICES DE GARDE DE CL\u00c9S<\/h4>\n<\/div><a href=\"https:\/\/bespokelivingperigord.com\/our-services\/keyholding\/\" class=\"kb-section-link-overlay\"><\/a><\/div>\n\n\n\n<div class=\"wp-block-kadence-column kadence-column17_296933-d3 kb-section-has-link\"><div class=\"kt-inside-inner-col\">\n<figure class=\"wp-block-kadence-image kb-image17_a6b943-b6\"><img loading=\"lazy\" decoding=\"async\" width=\"389\" height=\"291\" src=\"https:\/\/bespokelivingperigord.com\/wp-content\/uploads\/2025\/02\/4.jpg\" class=\"kb-img wp-image-553\" srcset=\"https:\/\/bespokelivingperigord.com\/wp-content\/uploads\/2025\/02\/4.jpg 389w, https:\/\/bespokelivingperigord.com\/wp-content\/uploads\/2025\/02\/4-300x224.jpg 300w\" sizes=\"auto, (max-width: 389px) 100vw, 389px\" \/><\/figure>\n\n\n\n<h4 class=\"kt-adv-heading17_8e8796-88 wp-block-kadence-advancedheading\" data-kb-block=\"kb-adv-heading17_8e8796-88\">GESTION IMMOBILI\u00c8RE  <\/h4>\n<\/div><a href=\"https:\/\/bespokelivingperigord.com\/our-services\/property-management-maintenance\/\" class=\"kb-section-link-overlay\"><\/a><\/div>\n\n\n\n<div class=\"wp-block-kadence-column kadence-column17_d28e5e-a3 kb-section-has-link\"><div class=\"kt-inside-inner-col\">\n<figure class=\"wp-block-kadence-image kb-image17_c5644d-00\"><img loading=\"lazy\" decoding=\"async\" width=\"390\" height=\"290\" src=\"https:\/\/bespokelivingperigord.com\/wp-content\/uploads\/2025\/02\/3.jpg\" class=\"kb-img wp-image-552\" srcset=\"https:\/\/bespokelivingperigord.com\/wp-content\/uploads\/2025\/02\/3.jpg 390w, https:\/\/bespokelivingperigord.com\/wp-content\/uploads\/2025\/02\/3-300x223.jpg 300w\" sizes=\"auto, (max-width: 390px) 100vw, 390px\" \/><\/figure>\n\n\n\n<h4 class=\"kt-adv-heading17_8e6af9-b6 wp-block-kadence-advancedheading\" data-kb-block=\"kb-adv-heading17_8e6af9-b6\">VENTES ET ACHATS DE BIENS IMMOBILIERS<\/h4>\n<\/div><a href=\"https:\/\/bespokelivingperigord.com\/our-services\/property-sales-purchases\/\" class=\"kb-section-link-overlay\"><\/a><\/div>\n\n\n\n<div class=\"wp-block-kadence-column kadence-column17_bca0ee-63 kb-section-has-link\"><div class=\"kt-inside-inner-col\">\n<figure class=\"wp-block-kadence-image kb-image17_eb0a28-79\"><img loading=\"lazy\" decoding=\"async\" width=\"389\" height=\"292\" src=\"https:\/\/bespokelivingperigord.com\/wp-content\/uploads\/2025\/02\/5.jpg\" class=\"kb-img wp-image-555\" srcset=\"https:\/\/bespokelivingperigord.com\/wp-content\/uploads\/2025\/02\/5.jpg 389w, https:\/\/bespokelivingperigord.com\/wp-content\/uploads\/2025\/02\/5-300x225.jpg 300w\" sizes=\"auto, (max-width: 389px) 100vw, 389px\" \/><\/figure>\n\n\n\n<h4 class=\"kt-adv-heading17_0dfe55-e2 wp-block-kadence-advancedheading\" data-kb-block=\"kb-adv-heading17_0dfe55-e2\">AM\u00c9NAGEMENT PAYSAGER ET CONSTRUCTION<\/h4>\n<\/div><a href=\"https:\/\/bespokelivingperigord.com\/our-services\/landscaping-construction\/\" class=\"kb-section-link-overlay\"><\/a><\/div>\n\n<\/div><\/div>\n<p><\/p>\n","protected":false},"excerpt":{"rendered":"<p>Ce que nous offrons Chez Bespoke Living, nous proposons une gamme de services pour vous aider dans tous les aspects de la gestion pratique et administrative de votre maison. Qu&rsquo;il s&rsquo;agisse de vous donner la tranquillit\u00e9 d&rsquo;esprit gr\u00e2ce \u00e0 des contr\u00f4les locaux, de vous aider \u00e0 comprendre et \u00e0 naviguer dans l&rsquo;administration fran\u00e7aise, de vous [&hellip;]<\/p>\n","protected":false},"author":1,"featured_media":0,"parent":0,"menu_order":0,"comment_status":"closed","ping_status":"closed","template":"","meta":{"footnotes":""},"class_list":["post-830","page","type-page","status-publish","hentry"],"_links":{"self":[{"href":"https:\/\/bespokelivingperigord.com\/fr\/wp-json\/wp\/v2\/pages\/830","targetHints":{"allow":["GET"]}}],"collection":[{"href":"https:\/\/bespokelivingperigord.com\/fr\/wp-json\/wp\/v2\/pages"}],"about":[{"href":"https:\/\/bespokelivingperigord.com\/fr\/wp-json\/wp\/v2\/types\/page"}],"author":[{"embeddable":true,"href":"https:\/\/bespokelivingperigord.com\/fr\/wp-json\/wp\/v2\/users\/1"}],"replies":[{"embeddable":true,"href":"https:\/\/bespokelivingperigord.com\/fr\/wp-json\/wp\/v2\/comments?post=830"}],"version-history":[{"count":2,"href":"https:\/\/bespokelivingperigord.com\/fr\/wp-json\/wp\/v2\/pages\/830\/revisions"}],"predecessor-version":[{"id":942,"href":"https:\/\/bespokelivingperigord.com\/fr\/wp-json\/wp\/v2\/pages\/830\/revisions\/942"}],"wp:attachment":[{"href":"https:\/\/bespokelivingperigord.com\/fr\/wp-json\/wp\/v2\/media?parent=830"}],"curies":[{"name":"wp","href":"https:\/\/api.w.org\/{rel}","templated":true}]}}