{"id":827,"date":"2024-11-25T16:00:51","date_gmt":"2024-11-25T16:00:51","guid":{"rendered":"https:\/\/bespokelivingperigord.com\/a-propos-de-nous\/"},"modified":"2025-02-03T09:31:31","modified_gmt":"2025-02-03T09:31:31","slug":"a-propos-de-nous","status":"publish","type":"page","link":"https:\/\/bespokelivingperigord.com\/fr\/a-propos-de-nous\/","title":{"rendered":"A propos de nous"},"content":{"rendered":"<div class=\"kb-row-layout-wrap kb-row-layout-id15_9a6ad2-cc alignnone wp-block-kadence-rowlayout\"><div class=\"kt-row-column-wrap kt-has-2-columns kt-row-layout-left-golden kt-tab-layout-inherit kt-mobile-layout-row kt-row-valign-top\">\n\n<div class=\"wp-block-kadence-column kadence-column15_2eea8f-7d\"><div class=\"kt-inside-inner-col\">\n<h2 class=\"kt-adv-heading15_242152-7e wp-block-kadence-advancedheading\" data-kb-block=\"kb-adv-heading15_242152-7e\">\u00c0 propos de l&rsquo;\u00e9quipe \u00ab\u00a0Vie sur mesure<\/h2>\n\n\n\n<p style=\"margin-top:0px;margin-bottom:12px\">Bespoke Living est dirig\u00e9 par le couple Ben et Cheryl Johns. Bespoke Living a \u00e9t\u00e9 cr\u00e9\u00e9 en 2017 et s&rsquo;est depuis constitu\u00e9 une solide client\u00e8le de propri\u00e9taires de biens immobiliers, qu&rsquo;il s&rsquo;agisse de r\u00e9sidents ou de propri\u00e9taires secondaires, provenant du monde entier, et est devenu synonyme de service professionnel et efficace. <\/p>\n\n\n\n<h4 class=\"kt-adv-heading15_670935-77 wp-block-kadence-advancedheading has-custom-black-color has-text-color\" data-kb-block=\"kb-adv-heading15_670935-77\">\u00ab\u00a0<em>Une entreprise de gestion absolument fantastique dirig\u00e9e par deux personnes tr\u00e8s professionnelles. Je ne saurais trop les recommander ! <\/em>\u00ab\u00a0<\/h4>\n\n\n\n<p class=\"has-text-align-right\"><strong>&#8211; Christine Th\u00e8ze : Agent immobilier ind\u00e9pendant Leggett<\/strong><\/p>\n\n\n\n<p>Ben est un <a href=\"https:\/\/bespokelivingperigord.com\/previous-experience\/\" data-type=\"page\" data-id=\"225\">concepteur de jardins m\u00e9daill\u00e9 de la RHS et un constructeur et paysagiste exp\u00e9riment\u00e9,<\/a> ayant poss\u00e9d\u00e9 et dirig\u00e9 une entreprise de conception, de construction et d&rsquo;entretien paysager hautement accr\u00e9dit\u00e9e au Royaume-Uni pendant plus de 14 ans. Cette exp\u00e9rience et cette connaissance de tous les aspects de l&rsquo;installation, de la r\u00e9novation et de l&rsquo;entretien d&rsquo;am\u00e9nagements paysagers et de constructions haut de gamme &#8211; ainsi que de la gestion des clients &#8211; sont mises \u00e0 profit dans les services propos\u00e9s par Bespoke Living, ainsi que l&rsquo;exp\u00e9rience et les connaissances acquises lors de la r\u00e9novation et de la gestion de plusieurs de leurs propres propri\u00e9t\u00e9s et de leurs travaux r\u00e9alis\u00e9s ici en France au cours des douze derni\u00e8res ann\u00e9es. <\/p>\n<\/div><\/div>\n\n\n\n<div class=\"wp-block-kadence-column kadence-column15_179f8f-a4\"><div class=\"kt-inside-inner-col\">\n<figure class=\"wp-block-image aligncenter size-full is-resized\"><img loading=\"lazy\" decoding=\"async\" width=\"220\" height=\"228\" src=\"https:\/\/bespokelivingperigord.com\/wp-content\/uploads\/2024\/11\/Snow-Pic.jpg\" alt=\"\" class=\"wp-image-216\" style=\"width:344px;height:auto\"\/><\/figure>\n<\/div><\/div>\n\n<\/div><\/div><div class=\"kb-row-layout-wrap kb-row-layout-id15_59e554-b2 alignnone wp-block-kadence-rowlayout\"><div class=\"kt-row-column-wrap kt-has-1-columns kt-row-layout-equal kt-tab-layout-inherit kt-mobile-layout-row kt-row-valign-top\">\n\n<div class=\"wp-block-kadence-column kadence-column15_18b9fc-e7\"><div class=\"kt-inside-inner-col\">\n<p>Cheryl poss\u00e8de \u00e9galement une grande exp\u00e9rience, puisqu&rsquo;elle a \u00e9t\u00e9 partenaire de l&rsquo;entreprise d&rsquo;am\u00e9nagement paysager pendant 10 ans, et qu&rsquo;elle a acquis de l&rsquo;exp\u00e9rience dans les secteurs de l&rsquo;entretien et de la gestion des clients, et qu&rsquo;elle est \u00e9galement conseill\u00e8re d&rsquo;entreprise qualifi\u00e9e. Cheryl a \u00e9galement travaill\u00e9 dans l&rsquo;entretien de propri\u00e9t\u00e9s de vacances et de r\u00e9sidences priv\u00e9es au Royaume-Uni et poss\u00e8de plusieurs ann\u00e9es d&rsquo;exp\u00e9rience dans la gestion et la direction d&rsquo;\u00e9quipes dans le secteur de l&rsquo;h\u00f4tellerie, ce qui la rend parfaitement apte \u00e0 prendre soin de votre propri\u00e9t\u00e9, ainsi qu&rsquo;\u00e0 s&rsquo;occuper de la communication et de l&rsquo;organisation n\u00e9cessaires. <\/p>\n\n\n\n<p>Ben et Cheryl parlent tous deux un bon niveau de fran\u00e7ais et, au cours des huit derni\u00e8res ann\u00e9es, ils ont d\u00e9velopp\u00e9 des relations solides avec un r\u00e9seau d&rsquo;artisans professionnels, d&rsquo;organismes administratifs et de communes locales, ce qui leur a permis de bien comprendre et de soutenir efficacement divers projets et proc\u00e9dures administratives.  <\/p>\n\n\n\n<p>Ben et Cheryl g\u00e8rent \u00e9galement leur propre <a href=\"https:\/\/staging.giteinperigord.com\/\" target=\"_blank\" rel=\"noreferrer noopener\">g\u00eete et chambre d&rsquo;h\u00f4tes<\/a>, qui est class\u00e9 \u00ab\u00a0Meubles de Tourisme\u00a0\u00bb par Atout France, et accr\u00e9dit\u00e9 par les programmes Rando Accueil\u00ae et Accueil Velo\u00ae, ce qui prouve qu&rsquo;ils ont l&rsquo;exp\u00e9rience n\u00e9cessaire et le souci du d\u00e9tail pour offrir un niveau \u00e9lev\u00e9 de normes lors de l&rsquo;entretien, de la pr\u00e9paration et de la prise en charge des propri\u00e9t\u00e9s de leurs clients.<\/p>\n\n\n\n<div class=\"wp-block-kadence-advancedbtn kb-buttons-wrap kb-btns15_b13244-df\"><a class=\"kb-button kt-button button kb-btn15_b303b5-fc kt-btn-size-standard kt-btn-width-type-auto kb-btn-global-inherit kt-btn-has-text-true kt-btn-has-svg-false wp-block-button__link wp-block-kadence-singlebtn\" href=\"https:\/\/bespokelivingperigord.com\/our-services\/\"><span class=\"kt-btn-inner-text\">Nos services<\/span><\/a>\n\n<a class=\"kb-button kt-button button kb-btn15_443f00-42 kt-btn-size-standard kt-btn-width-type-auto kb-btn-global-inherit kt-btn-has-text-true kt-btn-has-svg-false wp-block-button__link wp-block-kadence-singlebtn\" href=\"https:\/\/bespokelivingperigord.com\/why-choose-us\/\"><span class=\"kt-btn-inner-text\">Pourquoi nous choisir ?<\/span><\/a>\n\n<a class=\"kb-button kt-button button kb-btn15_9b6ce1-cf kt-btn-size-standard kt-btn-width-type-auto kb-btn-global-inherit kt-btn-has-text-true kt-btn-has-svg-false wp-block-button__link wp-block-kadence-singlebtn\" href=\"https:\/\/bespokelivingperigord.com\/contact\/\"><span class=\"kt-btn-inner-text\">Contactez nous<\/span><\/a><\/div>\n<\/div><\/div>\n\n<\/div><\/div>\n<p><\/p>\n","protected":false},"excerpt":{"rendered":"<p>\u00c0 propos de l&rsquo;\u00e9quipe \u00ab\u00a0Vie sur mesure Bespoke Living est dirig\u00e9 par le couple Ben et Cheryl Johns. Bespoke Living a \u00e9t\u00e9 cr\u00e9\u00e9 en 2017 et s&rsquo;est depuis constitu\u00e9 une solide client\u00e8le de propri\u00e9taires de biens immobiliers, qu&rsquo;il s&rsquo;agisse de r\u00e9sidents ou de propri\u00e9taires secondaires, provenant du monde entier, et est devenu synonyme de service [&hellip;]<\/p>\n","protected":false},"author":1,"featured_media":0,"parent":0,"menu_order":0,"comment_status":"closed","ping_status":"closed","template":"","meta":{"footnotes":""},"class_list":["post-827","page","type-page","status-publish","hentry"],"_links":{"self":[{"href":"https:\/\/bespokelivingperigord.com\/fr\/wp-json\/wp\/v2\/pages\/827","targetHints":{"allow":["GET"]}}],"collection":[{"href":"https:\/\/bespokelivingperigord.com\/fr\/wp-json\/wp\/v2\/pages"}],"about":[{"href":"https:\/\/bespokelivingperigord.com\/fr\/wp-json\/wp\/v2\/types\/page"}],"author":[{"embeddable":true,"href":"https:\/\/bespokelivingperigord.com\/fr\/wp-json\/wp\/v2\/users\/1"}],"replies":[{"embeddable":true,"href":"https:\/\/bespokelivingperigord.com\/fr\/wp-json\/wp\/v2\/comments?post=827"}],"version-history":[{"count":1,"href":"https:\/\/bespokelivingperigord.com\/fr\/wp-json\/wp\/v2\/pages\/827\/revisions"}],"predecessor-version":[{"id":828,"href":"https:\/\/bespokelivingperigord.com\/fr\/wp-json\/wp\/v2\/pages\/827\/revisions\/828"}],"wp:attachment":[{"href":"https:\/\/bespokelivingperigord.com\/fr\/wp-json\/wp\/v2\/media?parent=827"}],"curies":[{"name":"wp","href":"https:\/\/api.w.org\/{rel}","templated":true}]}}